{"id":3,"date":"2021-02-08T12:45:41","date_gmt":"2021-02-08T12:45:41","guid":{"rendered":"https:\/\/themes.muffingroup.com\/be\/dietitian3\/?page_id=3"},"modified":"2025-01-12T13:32:15","modified_gmt":"2025-01-12T13:32:15","slug":"privacy-policy","status":"publish","type":"page","link":"https:\/\/vivasalt-halogenerator.eu\/sv\/privacy-policy\/","title":{"rendered":"Integritetspolicy"},"content":{"rendered":"<h2 class=\"wp-block-heading\">Policy f\u00f6r cookies<\/h2>\n\n\n\n<p>Som vanligt p\u00e5 n\u00e4stan alla professionella webbplatser anv\u00e4nder den h\u00e4r webbplatsen cookies.<\/p>\n\n\n\n<h4 class=\"wp-block-heading\"><strong>Vad \u00e4r kakor?<\/strong><\/h4>\n\n\n\n<p>Cookies \u00e4r textfiler med sm\u00e5 m\u00e4ngder information som laddas ner till din enhet (telefon, b\u00e4rbar dator eller surfplatta) n\u00e4r du bes\u00f6ker en webbplats. Uppgifterna skickas sedan tillbaka till den ursprungliga webbplatsen vid varje efterf\u00f6ljande bes\u00f6k, eller till en annan webbplats som k\u00e4nner igen kakan.<\/p>\n\n\n\n<p>Cookies g\u00f6r m\u00e5nga olika saker, som att l\u00e5ta dig navigera mellan sidor p\u00e5 ett effektivt s\u00e4tt, komma ih\u00e5g dina preferenser och allm\u00e4nt f\u00f6rb\u00e4ttra anv\u00e4ndarupplevelsen. De kan ocks\u00e5 hj\u00e4lpa till att se till att annonser som du ser p\u00e5 n\u00e4tet \u00e4r mer relevanta f\u00f6r dig och dina intressen och de kan m\u00e4ta hur m\u00e5nga som bes\u00f6ker webbplatsen, n\u00e4r och hur. De kan inte identifiera dig personligen.<\/p>\n\n\n\n<p>Mer allm\u00e4n information om cookies finns h\u00e4r <a href=\"https:\/\/en.wikipedia.org\/wiki\/HTTP_cookie\" target=\"_blank\" rel=\"noreferrer noopener\">Wikipedia-artikel\"<\/a><\/p>\n\n\n\n<h4 class=\"wp-block-heading\"><strong>Hur vi anv\u00e4nder cookies och vad de g\u00f6r<\/strong><\/h4>\n\n\n\n<p>Du kan prenumerera p\u00e5 v\u00e5rt nyhetsbrev via den h\u00e4r webbplatsen och cookies kan anv\u00e4ndas f\u00f6r att komma ih\u00e5g om du redan \u00e4r registrerad och f\u00f6r att visa vissa meddelanden som kanske bara g\u00e4ller f\u00f6r prenumererade\/avregistrerade anv\u00e4ndare.<\/p>\n\n\n\n<p>N\u00e4r du skickar in uppgifter via ett formul\u00e4r, t.ex. p\u00e5 kontaktsidor eller kommentarsformul\u00e4r, kan cookies st\u00e4llas in f\u00f6r att komma ih\u00e5g dina anv\u00e4ndaruppgifter f\u00f6r framtida korrespondens.<\/p>\n\n\n\n<p>Vi anv\u00e4nder ett antal cookies som tillhandah\u00e5lls av Google Analytics. Vi anv\u00e4nder Google Analytics f\u00f6r att hj\u00e4lpa oss att f\u00f6rst\u00e5 hur du anv\u00e4nder webbplatsen och hur vi kan f\u00f6rb\u00e4ttra din upplevelse. Dessa cookies kan sp\u00e5ra saker som hur l\u00e4nge du tillbringar p\u00e5 webbplatsen och vilka sidor du bes\u00f6ker s\u00e5 att vi kan forts\u00e4tta att producera engagerande inneh\u00e5ll. Ta reda p\u00e5 mer om <a href=\"https:\/\/developers.google.com\/analytics\/devguides\/collection\/analyticsjs\/cookie-usage\" target=\"_blank\" rel=\"noreferrer noopener\">Google Analytics-cookies\"<\/a><\/p>\n\n\n\n<h4 class=\"wp-block-heading\"><strong>Inaktivera cookies<\/strong><\/h4>\n\n\n\n<p>Du kan f\u00f6rhindra att cookies s\u00e4tts genom att justera inst\u00e4llningarna i din webbl\u00e4sare (se webbl\u00e4sarens hj\u00e4lp f\u00f6r hur du g\u00f6r detta). Var medveten om att om du inaktiverar cookies kommer det att p\u00e5verka funktionaliteten p\u00e5 denna och m\u00e5nga andra webbplatser som du bes\u00f6ker. Om du inaktiverar cookies kommer det vanligtvis att leda till att du ocks\u00e5 inaktiverar vissa funktioner och egenskaper p\u00e5 webbplatsen. Det rekommenderas d\u00e4rf\u00f6r att du inte inaktiverar cookies.<\/p>\n\n\n\n<h4 class=\"wp-block-heading\"><strong>Mer information<\/strong><\/h4>\n\n\n\n<p>F\u00f6rhoppningsvis har detta klargjort saker och ting f\u00f6r dig. Om det finns n\u00e5got som du inte \u00e4r s\u00e4ker p\u00e5 om du beh\u00f6ver eller inte \u00e4r det vanligtvis s\u00e4krare att l\u00e5ta cookies vara aktiverade om det skulle interagera med n\u00e5gon av de funktioner som du anv\u00e4nder p\u00e5 v\u00e5r webbplats.<\/p>\n\n\n\n<p>Om du vill ha mer information kan du kontakta oss via:<\/p>\n\n\n\n<p>E-post: <a>info@vivasalt.eu<\/a><\/p>\n\n\n\n<p>Telefon: +386 69 606 707<\/p>","protected":false},"excerpt":{"rendered":"<p>Cookie policy As is common practice with almost all professional websites this site uses cookies. What are cookies Cookies are text files containing small amounts of information which are downloaded to your device (phone, laptop or tablet) when you visit a website. Data is then sent back to the originating website on each subsequent visit, [&hellip;]<\/p>\n","protected":false},"author":1,"featured_media":0,"parent":0,"menu_order":0,"comment_status":"closed","ping_status":"open","template":"","meta":{"_seopress_robots_primary_cat":"","_seopress_titles_title":"Privacy Policy - VivaSalt","_seopress_titles_desc":"Privacy Policy - VivaSalt Halogenerator","_seopress_robots_index":"","footnotes":""},"class_list":["post-3","page","type-page","status-publish","hentry"],"_links":{"self":[{"href":"https:\/\/vivasalt-halogenerator.eu\/sv\/wp-json\/wp\/v2\/pages\/3","targetHints":{"allow":["GET"]}}],"collection":[{"href":"https:\/\/vivasalt-halogenerator.eu\/sv\/wp-json\/wp\/v2\/pages"}],"about":[{"href":"https:\/\/vivasalt-halogenerator.eu\/sv\/wp-json\/wp\/v2\/types\/page"}],"author":[{"embeddable":true,"href":"https:\/\/vivasalt-halogenerator.eu\/sv\/wp-json\/wp\/v2\/users\/1"}],"replies":[{"embeddable":true,"href":"https:\/\/vivasalt-halogenerator.eu\/sv\/wp-json\/wp\/v2\/comments?post=3"}],"version-history":[{"count":1,"href":"https:\/\/vivasalt-halogenerator.eu\/sv\/wp-json\/wp\/v2\/pages\/3\/revisions"}],"predecessor-version":[{"id":535,"href":"https:\/\/vivasalt-halogenerator.eu\/sv\/wp-json\/wp\/v2\/pages\/3\/revisions\/535"}],"wp:attachment":[{"href":"https:\/\/vivasalt-halogenerator.eu\/sv\/wp-json\/wp\/v2\/media?parent=3"}],"curies":[{"name":"wp","href":"https:\/\/api.w.org\/{rel}","templated":true}]}}