{"id":10,"date":"2021-02-08T13:10:31","date_gmt":"2021-02-08T13:10:31","guid":{"rendered":"https:\/\/themes.muffingroup.com\/be\/dietitian3\/?page_id=10"},"modified":"2025-01-12T16:20:39","modified_gmt":"2025-01-12T16:20:39","slug":"home","status":"publish","type":"page","link":"https:\/\/vivasalt-halogenerator.eu\/sv\/","title":{"rendered":"Hem"},"content":{"rendered":"<div data-elementor-type=\"wp-page\" data-elementor-id=\"10\" class=\"elementor elementor-10\" data-elementor-post-type=\"page\">\n\t\t\t\t\t\t<section class=\"elementor-section elementor-top-section elementor-element elementor-element-89d93ab elementor-section-height-min-height elementor-section-full_width elementor-section-content-middle elementor-section-height-default elementor-section-items-middle\" data-id=\"89d93ab\" data-element_type=\"section\" data-e-type=\"section\" data-settings=\"{&quot;background_background&quot;:&quot;classic&quot;}\">\n\t\t\t\t\t\t<div class=\"elementor-container elementor-column-gap-no\">\n\t\t\t\t\t<div class=\"elementor-column elementor-col-100 elementor-top-column elementor-element elementor-element-2614274\" data-id=\"2614274\" data-element_type=\"column\" data-e-type=\"column\">\n\t\t\t<div class=\"elementor-widget-wrap elementor-element-populated\">\n\t\t\t\t\t\t<div class=\"elementor-element elementor-element-4013c9b elementor-widget elementor-widget-heading\" data-id=\"4013c9b\" data-element_type=\"widget\" data-e-type=\"widget\" data-widget_type=\"heading.default\">\n\t\t\t\t<div class=\"elementor-widget-container\">\n\t\t\t\t\t<h1 class=\"elementor-heading-title elementor-size-default\">VivaSalt <br>\nHalogeneratorer<\/h1>\t\t\t\t<\/div>\n\t\t\t\t<\/div>\n\t\t\t\t<div class=\"elementor-element elementor-element-b2a7a0f elementor-widget elementor-widget-text-editor\" data-id=\"b2a7a0f\" data-element_type=\"widget\" data-e-type=\"widget\" data-widget_type=\"text-editor.default\">\n\t\t\t\t<div class=\"elementor-widget-container\">\n\t\t\t\t\t\t\t\t\t<p>N\u00e4r kunskap, erfarenhet och hj\u00e4rta m\u00f6ts skapas en VivaSalt-kvalitet. F\u00f6r hemmabruk och professionell anv\u00e4ndning.<br \/>Utformad med detaljer i \u00e5tanke!<\/p>\t\t\t\t\t\t\t\t<\/div>\n\t\t\t\t<\/div>\n\t\t\t\t<div class=\"elementor-element elementor-element-a3c61eb elementor-widget elementor-widget-button\" data-id=\"a3c61eb\" data-element_type=\"widget\" data-e-type=\"widget\" data-widget_type=\"button.default\">\n\t\t\t\t<div class=\"elementor-widget-container\">\n\t\t\t\t\t\t\t\t\t<div class=\"elementor-button-wrapper\">\n\t\t\t\t\t<a class=\"elementor-button elementor-button-link elementor-size-sm\" href=\"https:\/\/vivasalt-halogenerator.eu\/sv\/halogenerator\/\">\n\t\t\t\t\t\t<span class=\"elementor-button-content-wrapper\">\n\t\t\t\t\t\t\t\t\t<span class=\"elementor-button-text\">Utforska mer info<\/span>\n\t\t\t\t\t<\/span>\n\t\t\t\t\t<\/a>\n\t\t\t\t<\/div>\n\t\t\t\t\t\t\t\t<\/div>\n\t\t\t\t<\/div>\n\t\t\t\t<section class=\"elementor-section elementor-inner-section elementor-element elementor-element-c247f9a elementor-section-boxed elementor-section-height-default elementor-section-height-default\" data-id=\"c247f9a\" data-element_type=\"section\" data-e-type=\"section\" id=\"product-slider-hero\">\n\t\t\t\t\t\t<div class=\"elementor-container elementor-column-gap-default\">\n\t\t\t\t\t<div class=\"elementor-column elementor-col-100 elementor-inner-column elementor-element elementor-element-da7c005\" data-id=\"da7c005\" data-element_type=\"column\" data-e-type=\"column\">\n\t\t\t<div class=\"elementor-widget-wrap elementor-element-populated\">\n\t\t\t\t\t\t<div class=\"elementor-element elementor-element-87fb3ca elementor-arrows-position-outside slider-hero elementor-widget-tablet__width-initial elementor--h-position-left elementor--v-position-bottom elementor-widget-mobile__width-inherit elementor-widget elementor-widget-slides\" data-id=\"87fb3ca\" data-element_type=\"widget\" data-e-type=\"widget\" data-settings=\"{&quot;navigation&quot;:&quot;arrows&quot;,&quot;autoplay&quot;:&quot;yes&quot;,&quot;pause_on_hover&quot;:&quot;yes&quot;,&quot;pause_on_interaction&quot;:&quot;yes&quot;,&quot;autoplay_speed&quot;:5000,&quot;infinite&quot;:&quot;yes&quot;,&quot;transition&quot;:&quot;slide&quot;,&quot;transition_speed&quot;:500}\" data-widget_type=\"slides.default\">\n\t\t\t\t<div class=\"elementor-widget-container\">\n\t\t\t\t\t\t\t\t\t<div class=\"elementor-swiper\">\n\t\t\t\t\t<div class=\"elementor-slides-wrapper elementor-main-swiper swiper\" role=\"region\" aria-roledescription=\"carousel\" aria-label=\"Skjutreglaget\" dir=\"ltr\" data-animation=\"\">\n\t\t\t\t<div class=\"swiper-wrapper elementor-slides\">\n\t\t\t\t\t\t\t\t\t\t<div class=\"elementor-repeater-item-85f146e swiper-slide\" role=\"group\" aria-roledescription=\"slide\"><div class=\"swiper-slide-bg\" role=\"img\" aria-label=\"VivaSalt-Halogenerator-Mediteran_1-t\"><\/div><div class=\"swiper-slide-inner\" ><div class=\"swiper-slide-contents\"><h2 class=\"elementor-slide-heading\">VivaSalt Mediterian<\/h2><p class=\"elementor-slide-description\">Professionell halogenerator f\u00f6r rum upp till 15m2.<\/p><a href=\"https:\/\/vivasalt-halogenerator.eu\/sv\/vivasalt-mediteran\/\" class=\"elementor-button elementor-slide-button elementor-size-sm\">Detaljer om produkten<\/a><\/div><\/div><\/div><div class=\"elementor-repeater-item-5bd6ecf swiper-slide\" role=\"group\" aria-roledescription=\"slide\"><div class=\"swiper-slide-bg\" role=\"img\" aria-label=\"VivaSalt Comfortable_thumb\"><\/div><div class=\"swiper-slide-inner\" ><div class=\"swiper-slide-contents\"><h2 class=\"elementor-slide-heading\">VivaSalt Comfortable<\/h2><p class=\"elementor-slide-description\">Professionell halogenerator f\u00f6r rum st\u00f6rre \u00e4n 15m2.<\/p><a href=\"https:\/\/vivasalt-halogenerator.eu\/sv\/vivasalt-comfortable\/\" class=\"elementor-button elementor-slide-button elementor-size-sm\">Detaljer om produkten<\/a><\/div><\/div><\/div><div class=\"elementor-repeater-item-539ce28 swiper-slide\" role=\"group\" aria-roledescription=\"slide\"><div class=\"swiper-slide-bg\" role=\"img\" aria-label=\"VivaSalt Power_thumb\"><\/div><div class=\"swiper-slide-inner\" ><div class=\"swiper-slide-contents\"><h2 class=\"elementor-slide-heading\">VivaSalt Power<\/h2><p class=\"elementor-slide-description\">Portabel halogengenerator avsedd f\u00f6r anv\u00e4ndning i rum upp till 10 m2.<\/p><a href=\"https:\/\/vivasalt-halogenerator.eu\/sv\/vivasalt-power\/\" class=\"elementor-button elementor-slide-button elementor-size-sm\">Detaljer om produkten<\/a><\/div><\/div><\/div><div class=\"elementor-repeater-item-d819e9b swiper-slide\" role=\"group\" aria-roledescription=\"slide\"><div class=\"swiper-slide-bg\" role=\"img\" aria-label=\"VivaSalt Lux_thumb\"><\/div><div class=\"swiper-slide-inner\" ><div class=\"swiper-slide-contents\"><h2 class=\"elementor-slide-heading\">VivaSalt Lux<\/h2><p class=\"elementor-slide-description\">B\u00e4rbar halogenerator avsedd f\u00f6r anv\u00e4ndning i rum st\u00f6rre \u00e4n 10m2.<\/p><a href=\"https:\/\/vivasalt-halogenerator.eu\/sv\/vivasalt-lux\/\" class=\"elementor-button elementor-slide-button elementor-size-sm\">Detaljer om produkten<\/a><\/div><\/div><\/div><div class=\"elementor-repeater-item-c9d15c4 swiper-slide\" role=\"group\" aria-roledescription=\"slide\"><div class=\"swiper-slide-bg\" role=\"img\" aria-label=\"VivaSalt 12h_thumb\"><\/div><div class=\"swiper-slide-inner\" ><div class=\"swiper-slide-contents\"><h2 class=\"elementor-slide-heading\">VivaSalt 12H<\/h2><p class=\"elementor-slide-description\">Unik l\u00f6sning p\u00e5 marknaden, fungerar konstant i 12 timmar utan att tills\u00e4tta salt.<\/p><a href=\"https:\/\/vivasalt-halogenerator.eu\/sv\/vivasalt-12h\/\" class=\"elementor-button elementor-slide-button elementor-size-sm\">Detaljer om produkten<\/a><\/div><\/div><\/div><div class=\"elementor-repeater-item-bc40e3f swiper-slide\" role=\"group\" aria-roledescription=\"slide\"><div class=\"swiper-slide-bg\" role=\"img\" aria-label=\"VivaSalt Family_thumb\"><\/div><div class=\"swiper-slide-inner\" ><div class=\"swiper-slide-contents\"><h2 class=\"elementor-slide-heading\">VivaSalt Family<\/h2><p class=\"elementor-slide-description\">Portabel halogenerator f\u00f6r hemmabruk.<\/p><a href=\"https:\/\/vivasalt-halogenerator.eu\/sv\/vivasalt-family\/\" class=\"elementor-button elementor-slide-button elementor-size-sm\">Detaljer om produkten<\/a><\/div><\/div><\/div><div class=\"elementor-repeater-item-ced1351 swiper-slide\" role=\"group\" aria-roledescription=\"slide\"><div class=\"swiper-slide-bg\" role=\"img\" aria-label=\"VivaSalt Animal_thumb\"><\/div><div class=\"swiper-slide-inner\" ><div class=\"swiper-slide-contents\"><h2 class=\"elementor-slide-heading\">VivaSalt Animal<\/h2><p class=\"elementor-slide-description\">V\u00e4ggmonterad Animal halogenerator.<\/p><a href=\"https:\/\/vivasalt-halogenerator.eu\/sv\/vivasalt-animal\/\" class=\"elementor-button elementor-slide-button elementor-size-sm\">Detaljer om produkten<\/a><\/div><\/div><\/div><div class=\"elementor-repeater-item-0909044 swiper-slide\" role=\"group\" aria-roledescription=\"slide\"><div class=\"swiper-slide-bg\" role=\"img\" aria-label=\"VivaSalt AnmalPortable_thumb\"><\/div><div class=\"swiper-slide-inner\" ><div class=\"swiper-slide-contents\"><h2 class=\"elementor-slide-heading\">VivaSalt Animal b\u00e4rbar<\/h2><p class=\"elementor-slide-description\">B\u00e4rbar halogengenerator Animal.<\/p><a href=\"https:\/\/vivasalt-halogenerator.eu\/sv\/vivasalt-animal-mobile\/\" class=\"elementor-button elementor-slide-button elementor-size-sm\">Detaljer om produkten<\/a><\/div><\/div><\/div><div class=\"elementor-repeater-item-0661e01 swiper-slide\" role=\"group\" aria-roledescription=\"slide\"><div class=\"swiper-slide-bg\" role=\"img\" aria-label=\"VivaSAlt SPA Qube_thumb\"><\/div><div class=\"swiper-slide-inner\" ><div class=\"swiper-slide-contents\"><h2 class=\"elementor-slide-heading\">VivaSalt SPA-kolv<\/h2><p class=\"elementor-slide-description\">Halogengenerator avsedd f\u00f6r anv\u00e4ndning i wellness- och spa-anl\u00e4ggningar.<\/p><a href=\"https:\/\/vivasalt-halogenerator.eu\/sv\/vivasalt-spa-qube\/\" class=\"elementor-button elementor-slide-button elementor-size-sm\">Detaljer om produkten<\/a><\/div><\/div><\/div>\t\t\t\t<\/div>\n\t\t\t\t\t\t\t\t\t\t\t\t\t\t\t<div class=\"elementor-swiper-button elementor-swiper-button-prev\" role=\"button\" tabindex=\"0\" aria-label=\"F\u00f6reg\u00e5ende bild\">\n\t\t\t\t\t\t\t<i aria-hidden=\"true\" class=\"eicon-chevron-left\"><\/i>\t\t\t\t\t\t<\/div>\n\t\t\t\t\t\t<div class=\"elementor-swiper-button elementor-swiper-button-next\" role=\"button\" tabindex=\"0\" aria-label=\"N\u00e4sta bild\">\n\t\t\t\t\t\t\t<i aria-hidden=\"true\" class=\"eicon-chevron-right\"><\/i>\t\t\t\t\t\t<\/div>\n\t\t\t\t\t\t\t\t\t\t\t\t\t\t\t\t\t<\/div>\n\t\t\t\t<\/div>\n\t\t\t\t\t\t\t\t<\/div>\n\t\t\t\t<\/div>\n\t\t\t\t\t<\/div>\n\t\t<\/div>\n\t\t\t\t\t<\/div>\n\t\t<\/section>\n\t\t\t\t\t<\/div>\n\t\t<\/div>\n\t\t\t\t\t<\/div>\n\t\t<\/section>\n\t\t\t\t<section class=\"elementor-section elementor-top-section elementor-element elementor-element-dc0f770 elementor-section-full_width elementor-reverse-tablet elementor-reverse-mobile sm-padding-left elementor-section-height-default elementor-section-height-default\" data-id=\"dc0f770\" data-element_type=\"section\" data-e-type=\"section\" data-settings=\"{&quot;background_background&quot;:&quot;classic&quot;}\">\n\t\t\t\t\t\t<div class=\"elementor-container elementor-column-gap-custom\">\n\t\t\t\t\t<div class=\"elementor-column elementor-col-50 elementor-top-column elementor-element elementor-element-650950d\" data-id=\"650950d\" data-element_type=\"column\" data-e-type=\"column\">\n\t\t\t<div class=\"elementor-widget-wrap elementor-element-populated\">\n\t\t\t\t\t\t<div class=\"elementor-element elementor-element-21fc40e elementor-widget elementor-widget-image\" data-id=\"21fc40e\" data-element_type=\"widget\" data-e-type=\"widget\" data-widget_type=\"image.default\">\n\t\t\t\t<div class=\"elementor-widget-container\">\n\t\t\t\t\t\t\t\t\t\t\t\t\t\t\t<img fetchpriority=\"high\" decoding=\"async\" width=\"680\" height=\"465\" src=\"https:\/\/vivasalt-halogenerator.eu\/wp-content\/uploads\/2025\/01\/100-0U2A1103-1.png\" class=\"attachment-large size-large wp-image-1182\" alt=\"\" srcset=\"https:\/\/vivasalt-halogenerator.eu\/wp-content\/uploads\/2025\/01\/100-0U2A1103-1.png 680w, https:\/\/vivasalt-halogenerator.eu\/wp-content\/uploads\/2025\/01\/100-0U2A1103-1-300x205.png 300w, https:\/\/vivasalt-halogenerator.eu\/wp-content\/uploads\/2025\/01\/100-0U2A1103-1-18x12.png 18w\" sizes=\"(max-width: 680px) 100vw, 680px\" \/>\t\t\t\t\t\t\t\t\t\t\t\t\t\t\t<\/div>\n\t\t\t\t<\/div>\n\t\t\t\t\t<\/div>\n\t\t<\/div>\n\t\t\t\t<div class=\"elementor-column elementor-col-50 elementor-top-column elementor-element elementor-element-5d31cdc\" data-id=\"5d31cdc\" data-element_type=\"column\" data-e-type=\"column\">\n\t\t\t<div class=\"elementor-widget-wrap elementor-element-populated\">\n\t\t\t\t\t\t<div class=\"elementor-element elementor-element-aaf01a9 elementor-widget elementor-widget-text-editor\" data-id=\"aaf01a9\" data-element_type=\"widget\" data-e-type=\"widget\" data-widget_type=\"text-editor.default\">\n\t\t\t\t<div class=\"elementor-widget-container\">\n\t\t\t\t\t\t\t\t\t<h2 class=\"box-header animation-slide slide\">V\u00e4lkommen till VIVA SALT<\/h2><div class=\"wpb_text_column wpb_content_element no-margin description\"><div class=\"wpb_wrapper\"><p>N\u00e4r kunskap, erfarenhet och hj\u00e4rta f\u00f6renas skapas en VIVA SALT-kvalitet.<\/p><p>Vi erbjuder h\u00f6gkvalitativa l\u00f6sningar f\u00f6r saltrum och haloterapi. Vi utm\u00e4rker oss genom exceptionell kvalitet och design vid byggandet av saltrum, vi anv\u00e4nder CE-certifierade saltbindemedel och vi har utvecklat permanent h\u00e5llbara halogenatorer, som \u00e4r resultatet av v\u00e5ra 15 \u00e5rs erfarenhet.<\/p><\/div><\/div>\t\t\t\t\t\t\t\t<\/div>\n\t\t\t\t<\/div>\n\t\t\t\t\t<\/div>\n\t\t<\/div>\n\t\t\t\t\t<\/div>\n\t\t<\/section>\n\t\t\t\t<section class=\"elementor-section elementor-top-section elementor-element elementor-element-c509c2f elementor-section-full_width elementor-section-height-default elementor-section-height-default\" data-id=\"c509c2f\" data-element_type=\"section\" data-e-type=\"section\" data-settings=\"{&quot;background_background&quot;:&quot;classic&quot;}\">\n\t\t\t\t\t\t<div class=\"elementor-container elementor-column-gap-default\">\n\t\t\t\t\t<div class=\"elementor-column elementor-col-100 elementor-top-column elementor-element elementor-element-3966ff6\" data-id=\"3966ff6\" data-element_type=\"column\" data-e-type=\"column\">\n\t\t\t<div class=\"elementor-widget-wrap elementor-element-populated\">\n\t\t\t\t\t\t<div class=\"elementor-element elementor-element-d273c30 elementor-widget-tablet__width-initial elementor-widget elementor-widget-heading\" data-id=\"d273c30\" data-element_type=\"widget\" data-e-type=\"widget\" data-widget_type=\"heading.default\">\n\t\t\t\t<div class=\"elementor-widget-container\">\n\t\t\t\t\t<h2 class=\"elementor-heading-title elementor-size-default\">K\u00f6p VivaSalt\nHalogenerator<\/h2>\t\t\t\t<\/div>\n\t\t\t\t<\/div>\n\t\t\t\t<div class=\"elementor-element elementor-element-57025d7 elementor-widget elementor-widget-text-editor\" data-id=\"57025d7\" data-element_type=\"widget\" data-e-type=\"widget\" data-widget_type=\"text-editor.default\">\n\t\t\t\t<div class=\"elementor-widget-container\">\n\t\t\t\t\t\t\t\t\t<p>N\u00e4r kunskap, erfarenhet och hj\u00e4rta m\u00f6ts skapas en VivaSalt-kvalitet. F\u00f6r hemmabruk och professionell anv\u00e4ndning.<br \/>Utformad med detaljer i \u00e5tanke!\u00a0<\/p>\t\t\t\t\t\t\t\t<\/div>\n\t\t\t\t<\/div>\n\t\t\t\t<div class=\"elementor-element elementor-element-1694e12 elementor-widget elementor-widget-button\" data-id=\"1694e12\" data-element_type=\"widget\" data-e-type=\"widget\" data-widget_type=\"button.default\">\n\t\t\t\t<div class=\"elementor-widget-container\">\n\t\t\t\t\t\t\t\t\t<div class=\"elementor-button-wrapper\">\n\t\t\t\t\t<a class=\"elementor-button elementor-button-link elementor-size-sm\" href=\"https:\/\/vivasalt-halogenerator.eu\/sv\/halogenerator\/\">\n\t\t\t\t\t\t<span class=\"elementor-button-content-wrapper\">\n\t\t\t\t\t\t\t\t\t<span class=\"elementor-button-text\">K\u00f6p din nu<\/span>\n\t\t\t\t\t<\/span>\n\t\t\t\t\t<\/a>\n\t\t\t\t<\/div>\n\t\t\t\t\t\t\t\t<\/div>\n\t\t\t\t<\/div>\n\t\t\t\t\t<\/div>\n\t\t<\/div>\n\t\t\t\t\t<\/div>\n\t\t<\/section>\n\t\t\t\t<section class=\"elementor-section elementor-top-section elementor-element elementor-element-2a1cb21 elementor-section-boxed elementor-section-height-default elementor-section-height-default\" data-id=\"2a1cb21\" data-element_type=\"section\" data-e-type=\"section\" data-settings=\"{&quot;background_background&quot;:&quot;classic&quot;}\">\n\t\t\t\t\t\t<div class=\"elementor-container elementor-column-gap-default\">\n\t\t\t\t\t<div class=\"elementor-column elementor-col-100 elementor-top-column elementor-element elementor-element-0b7201e\" data-id=\"0b7201e\" data-element_type=\"column\" data-e-type=\"column\" data-settings=\"{&quot;background_background&quot;:&quot;classic&quot;}\">\n\t\t\t<div class=\"elementor-widget-wrap elementor-element-populated\">\n\t\t\t\t\t\t<div class=\"elementor-element elementor-element-40b1cce testimonial elementor-testimonial--skin-default elementor-testimonial--layout-image_inline elementor-testimonial--align-center elementor-arrows-yes elementor-widget elementor-widget-testimonial-carousel\" data-id=\"40b1cce\" data-element_type=\"widget\" data-e-type=\"widget\" data-settings=\"{&quot;show_arrows&quot;:&quot;yes&quot;,&quot;speed&quot;:500,&quot;autoplay&quot;:&quot;yes&quot;,&quot;autoplay_speed&quot;:5000,&quot;loop&quot;:&quot;yes&quot;,&quot;pause_on_hover&quot;:&quot;yes&quot;,&quot;pause_on_interaction&quot;:&quot;yes&quot;,&quot;space_between&quot;:{&quot;unit&quot;:&quot;px&quot;,&quot;size&quot;:10,&quot;sizes&quot;:[]},&quot;space_between_tablet&quot;:{&quot;unit&quot;:&quot;px&quot;,&quot;size&quot;:10,&quot;sizes&quot;:[]},&quot;space_between_mobile&quot;:{&quot;unit&quot;:&quot;px&quot;,&quot;size&quot;:10,&quot;sizes&quot;:[]}}\" data-widget_type=\"testimonial-carousel.default\">\n\t\t\t\t<div class=\"elementor-widget-container\">\n\t\t\t\t\t\t\t\t\t<div class=\"elementor-swiper\">\n\t\t\t\t\t<div class=\"elementor-main-swiper swiper\" role=\"region\" aria-roledescription=\"carousel\" aria-label=\"Skjutreglaget\">\n\t\t\t\t<div class=\"swiper-wrapper\">\n\t\t\t\t\t\t\t\t\t\t\t<div class=\"swiper-slide\" role=\"group\" aria-roledescription=\"slide\">\n\t\t\t\t\t\t\t\t\t<div class=\"elementor-testimonial\">\n\t\t\t\t\t\t\t<div class=\"elementor-testimonial__content\">\n\t\t\t\t\t<div class=\"elementor-testimonial__text\">\n\t\t\t\t\t\tMed halogengeneratorer skapar vi en kontrollerad koncentration av aerosol, som skapas i naturen vid havet. 30 minuter i ett saltrum \u00e4r samma sak som att vara 4 dagar vid havet.\t\t\t\t\t<\/div>\n\t\t\t\t\t\t\t\t\t<\/div>\n\t\t\t\t\t\t<div class=\"elementor-testimonial__footer\">\n\t\t\t\t\t\t\t\t\t\t\t<\/div>\n\t\t<\/div>\n\t\t\t\t\t\t\t\t<\/div>\n\t\t\t\t\t\t\t\t\t\t\t<div class=\"swiper-slide\" role=\"group\" aria-roledescription=\"slide\">\n\t\t\t\t\t\t\t\t\t<div class=\"elementor-testimonial\">\n\t\t\t\t\t\t\t<div class=\"elementor-testimonial__content\">\n\t\t\t\t\t<div class=\"elementor-testimonial__text\">\n\t\t\t\t\t\tJag skulle starkt rekommendera halogenerator till en vuxen eller ett barn som lider av astma. Varje vinter eller skolstart plockar min dotter upp varje bakterie och \u00e4r st\u00e4ndigt p\u00e5 antibiotika steroider och en nebulisator p\u00e5 grund av sin astma.\t\t\t\t\t<\/div>\n\t\t\t\t\t\t\t\t\t<\/div>\n\t\t\t\t\t\t<div class=\"elementor-testimonial__footer\">\n\t\t\t\t\t\t\t\t\t\t\t<\/div>\n\t\t<\/div>\n\t\t\t\t\t\t\t\t<\/div>\n\t\t\t\t\t\t\t\t\t\t\t<div class=\"swiper-slide\" role=\"group\" aria-roledescription=\"slide\">\n\t\t\t\t\t\t\t\t\t<div class=\"elementor-testimonial\">\n\t\t\t\t\t\t\t<div class=\"elementor-testimonial__content\">\n\t\t\t\t\t<div class=\"elementor-testimonial__text\">\n\t\t\t\t\t\tRekommenderar starkt! Hade min f\u00f6rsta session idag och min andning \u00e4r redan mycket b\u00e4ttre. Jag har st\u00e4ndiga sinus- och br\u00f6stinfektioner. Antibiotika, steroider, etc, fungerar inte l\u00e4ngre s\u00e5 gav saltrummen ett f\u00f6rs\u00f6k. Jag kommer definitivt att vara tillbaka.\t\t\t\t\t<\/div>\n\t\t\t\t\t\t\t\t\t<\/div>\n\t\t\t\t\t\t<div class=\"elementor-testimonial__footer\">\n\t\t\t\t\t\t\t\t\t\t\t<\/div>\n\t\t<\/div>\n\t\t\t\t\t\t\t\t<\/div>\n\t\t\t\t\t\t\t\t\t\t\t<div class=\"swiper-slide\" role=\"group\" aria-roledescription=\"slide\">\n\t\t\t\t\t\t\t\t\t<div class=\"elementor-testimonial\">\n\t\t\t\t\t\t\t<div class=\"elementor-testimonial__content\">\n\t\t\t\t\t<div class=\"elementor-testimonial__text\">\n\t\t\t\t\t\tJag tog hit min fyra\u00e5riga son i dag efter en dag och en natt av konstant hosta. Jag sa att jag skulle ge saltrummet ett f\u00f6rs\u00f6k i st\u00e4llet f\u00f6r de vanliga steroiderna som skulle ha ordinerats. Han var ett helt nytt barn efter\u00e5t hostade knappt och sover nu lugnt.\t\t\t\t\t<\/div>\n\t\t\t\t\t\t\t\t\t<\/div>\n\t\t\t\t\t\t<div class=\"elementor-testimonial__footer\">\n\t\t\t\t\t\t\t\t\t\t\t<\/div>\n\t\t<\/div>\n\t\t\t\t\t\t\t\t<\/div>\n\t\t\t\t\t\t\t\t\t\t\t<div class=\"swiper-slide\" role=\"group\" aria-roledescription=\"slide\">\n\t\t\t\t\t\t\t\t\t<div class=\"elementor-testimonial\">\n\t\t\t\t\t\t\t<div class=\"elementor-testimonial__content\">\n\t\t\t\t\t<div class=\"elementor-testimonial__text\">\n\t\t\t\t\t\tEfter tre sessioner med VivaSalt Power \u00e4r hennes hosta borta. Inga steroider beh\u00f6vs. S\u00e5 glad att prova alternativa och s\u00e4kra metoder f\u00f6r att hj\u00e4lpa min sons astma. Vi g\u00f6r allt f\u00f6r att hj\u00e4lpa v\u00e5ra sm\u00e5.\t\t\t\t\t<\/div>\n\t\t\t\t\t\t\t\t\t<\/div>\n\t\t\t\t\t\t<div class=\"elementor-testimonial__footer\">\n\t\t\t\t\t\t\t\t\t\t\t<\/div>\n\t\t<\/div>\n\t\t\t\t\t\t\t\t<\/div>\n\t\t\t\t\t\t\t\t\t<\/div>\n\t\t\t\t\t\t\t\t\t\t\t\t\t\t\t<div class=\"elementor-swiper-button elementor-swiper-button-prev\" role=\"button\" tabindex=\"0\" aria-label=\"El\u0151z\u0151\">\n\t\t\t\t\t\t\t<i aria-hidden=\"true\" class=\"eicon-chevron-left\"><\/i>\t\t\t\t\t\t<\/div>\n\t\t\t\t\t\t<div class=\"elementor-swiper-button elementor-swiper-button-next\" role=\"button\" tabindex=\"0\" aria-label=\"K\u00f6vetkez\u0151\">\n\t\t\t\t\t\t\t<i aria-hidden=\"true\" class=\"eicon-chevron-right\"><\/i>\t\t\t\t\t\t<\/div>\n\t\t\t\t\t\t\t\t\t\t\t\t\t\t\t\t\t<\/div>\n\t\t\t\t<\/div>\n\t\t\t\t\t\t\t\t<\/div>\n\t\t\t\t<\/div>\n\t\t\t\t\t<\/div>\n\t\t<\/div>\n\t\t\t\t\t<\/div>\n\t\t<\/section>\n\t\t\t\t<\/div>","protected":false},"excerpt":{"rendered":"<p>VivaSalt Halogenerators When knowledge, experience &amp; heart connect, a\u00a0VivaSalt quality\u00a0is created. For a Home &amp; Professional use.Designed with details in mind! Explore More Info VivaSalt Mediterian Professional halogenerator for rooms up to 15m2. Product Details VivaSalt Comfortable Professional halogenerator for rooms more than 15m2. Product Details VivaSalt Power Portable halogenerator designed for use in rooms [&hellip;]<\/p>\n","protected":false},"author":1,"featured_media":0,"parent":0,"menu_order":0,"comment_status":"closed","ping_status":"closed","template":"","meta":{"_seopress_robots_primary_cat":"","_seopress_titles_title":"Halogenators for Effective Salt Therapy for Home or Business","_seopress_titles_desc":"Check Halogenerator selection for the very best in unique pieces from Vivasalt. We provide Halogenerators for home \r\nand professional use. Visit us now.","_seopress_robots_index":"","footnotes":""},"class_list":["post-10","page","type-page","status-publish","hentry"],"_links":{"self":[{"href":"https:\/\/vivasalt-halogenerator.eu\/sv\/wp-json\/wp\/v2\/pages\/10","targetHints":{"allow":["GET"]}}],"collection":[{"href":"https:\/\/vivasalt-halogenerator.eu\/sv\/wp-json\/wp\/v2\/pages"}],"about":[{"href":"https:\/\/vivasalt-halogenerator.eu\/sv\/wp-json\/wp\/v2\/types\/page"}],"author":[{"embeddable":true,"href":"https:\/\/vivasalt-halogenerator.eu\/sv\/wp-json\/wp\/v2\/users\/1"}],"replies":[{"embeddable":true,"href":"https:\/\/vivasalt-halogenerator.eu\/sv\/wp-json\/wp\/v2\/comments?post=10"}],"version-history":[{"count":387,"href":"https:\/\/vivasalt-halogenerator.eu\/sv\/wp-json\/wp\/v2\/pages\/10\/revisions"}],"predecessor-version":[{"id":2665,"href":"https:\/\/vivasalt-halogenerator.eu\/sv\/wp-json\/wp\/v2\/pages\/10\/revisions\/2665"}],"wp:attachment":[{"href":"https:\/\/vivasalt-halogenerator.eu\/sv\/wp-json\/wp\/v2\/media?parent=10"}],"curies":[{"name":"wp","href":"https:\/\/api.w.org\/{rel}","templated":true}]}}