{"id":3,"date":"2021-02-08T12:45:41","date_gmt":"2021-02-08T12:45:41","guid":{"rendered":"https:\/\/themes.muffingroup.com\/be\/dietitian3\/?page_id=3"},"modified":"2025-01-12T13:32:15","modified_gmt":"2025-01-12T13:32:15","slug":"privacy-policy","status":"publish","type":"page","link":"https:\/\/vivasalt-halogenerator.eu\/sl\/privacy-policy\/","title":{"rendered":"Pravilnik o zasebnosti"},"content":{"rendered":"<h2 class=\"wp-block-heading\">Pravilnik o pi\u0161kotkih<\/h2>\n\n\n\n<p>Kot je obi\u010dajna praksa pri skoraj vseh strokovnih spletnih mestih, tudi to spletno mesto uporablja pi\u0161kotke.<\/p>\n\n\n\n<h4 class=\"wp-block-heading\"><strong>Kaj so pi\u0161kotki<\/strong><\/h4>\n\n\n\n<p>Pi\u0161kotki so besedilne datoteke z majhnimi koli\u010dinami informacij, ki se ob obisku spletnega mesta prenesejo v va\u0161o napravo (telefon, prenosni ra\u010dunalnik ali tabli\u010dni ra\u010dunalnik). Podatki se nato ob vsakem naslednjem obisku po\u0161ljejo nazaj izvornemu spletnemu mestu ali drugemu spletnemu mestu, ki prepozna ta pi\u0161kotek.<\/p>\n\n\n\n<p>Pi\u0161kotki opravljajo veliko razli\u010dnih nalog, na primer omogo\u010dajo u\u010dinkovito krmarjenje med stranmi, zapomnijo si va\u0161e nastavitve in na splo\u0161no izbolj\u0161ajo uporabni\u0161ko izku\u0161njo. Prav tako lahko pomagajo zagotoviti, da so oglasi, ki jih vidite na spletu, ustreznej\u0161i za vas in va\u0161e interese, ter merijo, koliko ljudi, kdaj in kako obi\u0161\u010de spletno mesto. Ne morejo vas osebno identificirati.<\/p>\n\n\n\n<p>Za ve\u010d splo\u0161nih informacij o pi\u0161kotkih preberite to <a href=\"https:\/\/en.wikipedia.org\/wiki\/HTTP_cookie\" target=\"_blank\" rel=\"noreferrer noopener\">\u010clanek na Wikipediji\"<\/a><\/p>\n\n\n\n<h4 class=\"wp-block-heading\"><strong>Kako uporabljamo pi\u0161kotke in kaj po\u010dnejo<\/strong><\/h4>\n\n\n\n<p>Na tem spletnem mestu se lahko naro\u010dite na na\u0161e e-po\u0161tne novice, pi\u0161kotki pa se lahko uporabljajo, da si zapomnimo, ali ste \u017ee prijavljeni, in ali \u017eelimo prikazati dolo\u010dena obvestila, ki lahko veljajo le za prijavljene\/odjavljene uporabnike.<\/p>\n\n\n\n<p>Ko posredujete podatke prek obrazca, na primer na straneh za stike ali obrazcih za komentarje, se lahko nastavijo pi\u0161kotki, ki si zapomnijo va\u0161e uporabni\u0161ke podatke za prihodnje dopisovanje.<\/p>\n\n\n\n<p>Uporabljamo ve\u010d pi\u0161kotkov, ki jih zagotavlja Google Analytics. Google Analytics uporabljamo zato, da la\u017eje razumemo, kako uporabljate spletno mesto in kako lahko izbolj\u0161amo va\u0161o izku\u0161njo. Ti pi\u0161kotki lahko spremljajo stvari, kot so \u010das, ki ga pre\u017eivite na spletnem mestu, in strani, ki jih obi\u0161\u010dete, da lahko \u0161e naprej pripravljamo zanimivo vsebino. Preberite ve\u010d o <a href=\"https:\/\/developers.google.com\/analytics\/devguides\/collection\/analyticsjs\/cookie-usage\" target=\"_blank\" rel=\"noreferrer noopener\">Pi\u0161kotki Google Analytics\"<\/a><\/p>\n\n\n\n<h4 class=\"wp-block-heading\"><strong>Onemogo\u010danje pi\u0161kotkov<\/strong><\/h4>\n\n\n\n<p>Nastavitev pi\u0161kotkov lahko prepre\u010dite tako, da prilagodite nastavitve v brskalniku (za to glejte pomo\u010d brskalnika). Zavedajte se, da bo onemogo\u010danje pi\u0161kotkov vplivalo na delovanje te in \u0161tevilnih drugih spletnih strani, ki jih obiskujete. Onemogo\u010danje pi\u0161kotkov obi\u010dajno pomeni tudi onemogo\u010danje nekaterih funkcij in lastnosti spletnega mesta. Zato je priporo\u010dljivo, da pi\u0161kotkov ne onemogo\u010dite.<\/p>\n\n\n\n<h4 class=\"wp-block-heading\"><strong>Ve\u010d informacij<\/strong><\/h4>\n\n\n\n<p>Upam, da vam je to razjasnilo stvari. \u010ce niste prepri\u010dani, ali kaj potrebujete, je obi\u010dajno varneje pustiti pi\u0161kotke omogo\u010dene, \u010de bi to vplivalo na eno od funkcij, ki jih uporabljate na na\u0161em spletnem mestu.<\/p>\n\n\n\n<p>\u010ce \u017eelite ve\u010d informacij, nas lahko kontaktirate prek:<\/p>\n\n\n\n<p>Elektronska po\u0161ta: <a>info@vivasalt.eu<\/a><\/p>\n\n\n\n<p>Telefon: +386 69 606 707<\/p>","protected":false},"excerpt":{"rendered":"<p>Cookie policy As is common practice with almost all professional websites this site uses cookies. What are cookies Cookies are text files containing small amounts of information which are downloaded to your device (phone, laptop or tablet) when you visit a website. Data is then sent back to the originating website on each subsequent visit, [&hellip;]<\/p>\n","protected":false},"author":1,"featured_media":0,"parent":0,"menu_order":0,"comment_status":"closed","ping_status":"open","template":"","meta":{"_seopress_robots_primary_cat":"","_seopress_titles_title":"Privacy Policy - VivaSalt","_seopress_titles_desc":"Privacy Policy - VivaSalt Halogenerator","_seopress_robots_index":"","footnotes":""},"class_list":["post-3","page","type-page","status-publish","hentry"],"_links":{"self":[{"href":"https:\/\/vivasalt-halogenerator.eu\/sl\/wp-json\/wp\/v2\/pages\/3","targetHints":{"allow":["GET"]}}],"collection":[{"href":"https:\/\/vivasalt-halogenerator.eu\/sl\/wp-json\/wp\/v2\/pages"}],"about":[{"href":"https:\/\/vivasalt-halogenerator.eu\/sl\/wp-json\/wp\/v2\/types\/page"}],"author":[{"embeddable":true,"href":"https:\/\/vivasalt-halogenerator.eu\/sl\/wp-json\/wp\/v2\/users\/1"}],"replies":[{"embeddable":true,"href":"https:\/\/vivasalt-halogenerator.eu\/sl\/wp-json\/wp\/v2\/comments?post=3"}],"version-history":[{"count":1,"href":"https:\/\/vivasalt-halogenerator.eu\/sl\/wp-json\/wp\/v2\/pages\/3\/revisions"}],"predecessor-version":[{"id":535,"href":"https:\/\/vivasalt-halogenerator.eu\/sl\/wp-json\/wp\/v2\/pages\/3\/revisions\/535"}],"wp:attachment":[{"href":"https:\/\/vivasalt-halogenerator.eu\/sl\/wp-json\/wp\/v2\/media?parent=3"}],"curies":[{"name":"wp","href":"https:\/\/api.w.org\/{rel}","templated":true}]}}