{"id":3,"date":"2021-02-08T12:45:41","date_gmt":"2021-02-08T12:45:41","guid":{"rendered":"https:\/\/themes.muffingroup.com\/be\/dietitian3\/?page_id=3"},"modified":"2025-01-12T13:32:15","modified_gmt":"2025-01-12T13:32:15","slug":"privacy-policy","status":"publish","type":"page","link":"https:\/\/vivasalt-halogenerator.eu\/pl\/privacy-policy\/","title":{"rendered":"Polityka prywatno\u015bci"},"content":{"rendered":"<h2 class=\"wp-block-heading\">Polityka cookies<\/h2>\n\n\n\n<p>Jak to jest powszechn\u0105 praktyk\u0105 w przypadku prawie wszystkich profesjonalnych stron internetowych, ta strona u\u017cywa plik\u00f3w cookie.<\/p>\n\n\n\n<h4 class=\"wp-block-heading\"><strong>Co to s\u0105 ciasteczka<\/strong><\/h4>\n\n\n\n<p>Cookies to pliki tekstowe zawieraj\u0105ce niewielkie ilo\u015bci informacji, kt\u00f3re s\u0105 pobierane na urz\u0105dzenie u\u017cytkownika (telefon, laptop lub tablet) podczas odwiedzania strony internetowej. Dane s\u0105 nast\u0119pnie przesy\u0142ane z powrotem do witryny, z kt\u00f3rej pochodz\u0105, przy ka\u017cdej kolejnej wizycie lub do innej witryny, kt\u00f3ra rozpoznaje ten plik cookie.<\/p>\n\n\n\n<p>Pliki cookie wykonuj\u0105 wiele r\u00f3\u017cnych zada\u0144, takich jak umo\u017cliwienie Ci sprawnego poruszania si\u0119 mi\u0119dzy stronami, zapami\u0119tywanie Twoich preferencji i og\u00f3lna poprawa do\u015bwiadczenia u\u017cytkownika. Mog\u0105 r\u00f3wnie\u017c pom\u00f3c w zapewnieniu, \u017ce reklamy, kt\u00f3re widzisz online s\u0105 bardziej odpowiednie dla Ciebie i Twoich zainteresowa\u0144 oraz mog\u0105 mierzy\u0107, ile os\u00f3b odwiedza stron\u0119 internetow\u0105, kiedy i w jaki spos\u00f3b. Nie mog\u0105 one identyfikowa\u0107 Pa\u0144stwa osobi\u015bcie.<\/p>\n\n\n\n<p>Wi\u0119cej og\u00f3lnych informacji na temat plik\u00f3w cookie mo\u017cna znale\u017a\u0107 tutaj <a href=\"https:\/\/en.wikipedia.org\/wiki\/HTTP_cookie\" target=\"_blank\" rel=\"noreferrer noopener\">Artyku\u0142 w Wikipedii\"<\/a><\/p>\n\n\n\n<h4 class=\"wp-block-heading\"><strong>Jak u\u017cywamy plik\u00f3w cookie i co one robi\u0105<\/strong><\/h4>\n\n\n\n<p>Za po\u015brednictwem tej strony mo\u017cna zapisa\u0107 si\u0119 do naszego biuletynu e-mailowego, a pliki cookie mog\u0105 by\u0107 u\u017cywane do zapami\u0119tania, czy u\u017cytkownik jest ju\u017c zarejestrowany oraz do wy\u015bwietlania okre\u015blonych powiadomie\u0144, kt\u00f3re mog\u0105 by\u0107 wa\u017cne tylko dla zapisanych\/niezapisanych u\u017cytkownik\u00f3w.<\/p>\n\n\n\n<p>Kiedy podajesz dane za po\u015brednictwem formularza, takiego jak te znajduj\u0105ce si\u0119 na stronach kontaktowych lub formularzach komentarzy, pliki cookie mog\u0105 by\u0107 ustawione tak, aby zapami\u0119ta\u0107 dane u\u017cytkownika do przysz\u0142ej korespondencji.<\/p>\n\n\n\n<p>Korzystamy z wielu plik\u00f3w cookie dostarczanych przez Google Analytics. U\u017cywamy Google Analytics, aby pom\u00f3c nam zrozumie\u0107, w jaki spos\u00f3b korzystasz z witryny i w jaki spos\u00f3b mo\u017cemy poprawi\u0107 Twoje do\u015bwiadczenia. Te pliki cookie mog\u0105 \u015bledzi\u0107 takie rzeczy, jak czas sp\u0119dzony w witrynie i strony, kt\u00f3re odwiedzasz, aby\u015bmy mogli nadal tworzy\u0107 interesuj\u0105ce tre\u015bci. Dowiedz si\u0119 wi\u0119cej o <a href=\"https:\/\/developers.google.com\/analytics\/devguides\/collection\/analyticsjs\/cookie-usage\" target=\"_blank\" rel=\"noreferrer noopener\">Cookies Google Analytics\"<\/a><\/p>\n\n\n\n<h4 class=\"wp-block-heading\"><strong>Wy\u0142\u0105czenie plik\u00f3w cookie<\/strong><\/h4>\n\n\n\n<p>Mo\u017cesz zapobiec ustawieniu plik\u00f3w cookie poprzez dostosowanie ustawie\u0144 swojej przegl\u0105darki (zobacz Pomoc przegl\u0105darki, aby dowiedzie\u0107 si\u0119, jak to zrobi\u0107). Nale\u017cy pami\u0119ta\u0107, \u017ce wy\u0142\u0105czenie plik\u00f3w cookie b\u0119dzie mia\u0142o wp\u0142yw na funkcjonalno\u015b\u0107 tej i wielu innych odwiedzanych przez Pa\u0144stwa stron internetowych. Wy\u0142\u0105czenie plik\u00f3w cookie zazwyczaj powoduje r\u00f3wnie\u017c wy\u0142\u0105czenie niekt\u00f3rych funkcji i w\u0142a\u015bciwo\u015bci witryny. Dlatego zaleca si\u0119, aby nie wy\u0142\u0105cza\u0107 plik\u00f3w cookie.<\/p>\n\n\n\n<h4 class=\"wp-block-heading\"><strong>Wi\u0119cej informacji<\/strong><\/h4>\n\n\n\n<p>Mam nadziej\u0119, \u017ce to wyja\u015bni\u0142o Ci pewne sprawy. Je\u015bli jest co\u015b, czego nie jeste\u015b pewien, czy potrzebujesz, czy nie, zazwyczaj bezpieczniej jest pozostawi\u0107 w\u0142\u0105czone pliki cookie na wypadek, gdyby wchodzi\u0142y one w interakcj\u0119 z jedn\u0105 z funkcji, z kt\u00f3rych korzystasz na naszej stronie.<\/p>\n\n\n\n<p>Je\u015bli chcesz uzyska\u0107 wi\u0119cej informacji, mo\u017cesz skontaktowa\u0107 si\u0119 z nami poprzez:<\/p>\n\n\n\n<p>Email: <a>info@vivasalt.eu<\/a><\/p>\n\n\n\n<p>Telefon: +386 69 606 707<\/p>","protected":false},"excerpt":{"rendered":"<p>Cookie policy As is common practice with almost all professional websites this site uses cookies. What are cookies Cookies are text files containing small amounts of information which are downloaded to your device (phone, laptop or tablet) when you visit a website. Data is then sent back to the originating website on each subsequent visit, [&hellip;]<\/p>\n","protected":false},"author":1,"featured_media":0,"parent":0,"menu_order":0,"comment_status":"closed","ping_status":"open","template":"","meta":{"_seopress_robots_primary_cat":"","_seopress_titles_title":"Privacy Policy - VivaSalt","_seopress_titles_desc":"Privacy Policy - VivaSalt Halogenerator","_seopress_robots_index":"","footnotes":""},"class_list":["post-3","page","type-page","status-publish","hentry"],"_links":{"self":[{"href":"https:\/\/vivasalt-halogenerator.eu\/pl\/wp-json\/wp\/v2\/pages\/3","targetHints":{"allow":["GET"]}}],"collection":[{"href":"https:\/\/vivasalt-halogenerator.eu\/pl\/wp-json\/wp\/v2\/pages"}],"about":[{"href":"https:\/\/vivasalt-halogenerator.eu\/pl\/wp-json\/wp\/v2\/types\/page"}],"author":[{"embeddable":true,"href":"https:\/\/vivasalt-halogenerator.eu\/pl\/wp-json\/wp\/v2\/users\/1"}],"replies":[{"embeddable":true,"href":"https:\/\/vivasalt-halogenerator.eu\/pl\/wp-json\/wp\/v2\/comments?post=3"}],"version-history":[{"count":1,"href":"https:\/\/vivasalt-halogenerator.eu\/pl\/wp-json\/wp\/v2\/pages\/3\/revisions"}],"predecessor-version":[{"id":535,"href":"https:\/\/vivasalt-halogenerator.eu\/pl\/wp-json\/wp\/v2\/pages\/3\/revisions\/535"}],"wp:attachment":[{"href":"https:\/\/vivasalt-halogenerator.eu\/pl\/wp-json\/wp\/v2\/media?parent=3"}],"curies":[{"name":"wp","href":"https:\/\/api.w.org\/{rel}","templated":true}]}}