{"id":3,"date":"2021-02-08T12:45:41","date_gmt":"2021-02-08T12:45:41","guid":{"rendered":"https:\/\/themes.muffingroup.com\/be\/dietitian3\/?page_id=3"},"modified":"2025-01-12T13:32:15","modified_gmt":"2025-01-12T13:32:15","slug":"privacy-policy","status":"publish","type":"page","link":"https:\/\/vivasalt-halogenerator.eu\/hu\/privacy-policy\/","title":{"rendered":"Adatv\u00e9delmi ir\u00e1nyelvek"},"content":{"rendered":"<h2 class=\"wp-block-heading\">Cookie-szab\u00e1lyzat<\/h2>\n\n\n\n<p>Mint szinte minden professzion\u00e1lis weboldal eset\u00e9ben, ez az oldal is cookie-kat haszn\u00e1l.<\/p>\n\n\n\n<h4 class=\"wp-block-heading\"><strong>Mik azok a s\u00fctik<\/strong><\/h4>\n\n\n\n<p>A s\u00fctik olyan kis mennyis\u00e9g\u0171 inform\u00e1ci\u00f3t tartalmaz\u00f3 sz\u00f6veges f\u00e1jlok, amelyek egy weboldal megl\u00e1togat\u00e1sakor let\u00f6lt\u0151dnek az \u00d6n eszk\u00f6z\u00e9re (telefonra, laptopra vagy t\u00e1blag\u00e9pre). Az adatokat ezut\u00e1n minden tov\u00e1bbi l\u00e1togat\u00e1skor visszak\u00fcldik a kezdem\u00e9nyez\u0151 weboldalra, vagy egy m\u00e1sik weboldalra, amely felismeri az adott cookie-t.<\/p>\n\n\n\n<p>A s\u00fctik sz\u00e1mos k\u00fcl\u00f6nb\u00f6z\u0151 feladatot l\u00e1tnak el, p\u00e9ld\u00e1ul lehet\u0151v\u00e9 teszik az oldalak k\u00f6z\u00f6tti hat\u00e9kony navig\u00e1ci\u00f3t, megjegyzik a be\u00e1ll\u00edt\u00e1sait, \u00e9s \u00e1ltal\u00e1ban jav\u00edtj\u00e1k a felhaszn\u00e1l\u00f3i \u00e9lm\u00e9nyt. Seg\u00edtenek abban is, hogy az online megjelen\u0151 hirdet\u00e9sek jobban megfeleljenek az \u00d6n \u00e9s \u00e9rdekl\u0151d\u00e9si k\u00f6r\u00e9nek, \u00e9s m\u00e9rni tudj\u00e1k, hogy h\u00e1nyan, mikor \u00e9s hogyan l\u00e1togatj\u00e1k a weboldalt. Szem\u00e9lyesen nem tudj\u00e1k \u00d6nt azonos\u00edtani.<\/p>\n\n\n\n<p>A s\u00fctikkel kapcsolatos \u00e1ltal\u00e1nosabb inform\u00e1ci\u00f3k\u00e9rt olvassa el ezt <a href=\"https:\/\/en.wikipedia.org\/wiki\/HTTP_cookie\" target=\"_blank\" rel=\"noreferrer noopener\">Wikipedia cikk\"<\/a><\/p>\n\n\n\n<h4 class=\"wp-block-heading\"><strong>Hogyan haszn\u00e1ljuk a s\u00fctiket \u00e9s mire szolg\u00e1lnak<\/strong><\/h4>\n\n\n\n<p>Ezen az oldalon kereszt\u00fcl feliratkozhat e-mail h\u00edrlevel\u00fcnkre, \u00e9s a cookie-kat arra haszn\u00e1lhatjuk, hogy megjegyezz\u00fck, hogy \u00d6n m\u00e1r feliratkozott-e, \u00e9s hogy megjelen\u00edts\u00fcnk-e bizonyos \u00e9rtes\u00edt\u00e9seket, amelyek csak a feliratkozott\/nem feliratkozott felhaszn\u00e1l\u00f3k sz\u00e1m\u00e1ra lehetnek \u00e9rv\u00e9nyesek.<\/p>\n\n\n\n<p>Amikor \u00d6n adatokat k\u00fcld egy \u0171rlapon kereszt\u00fcl, p\u00e9ld\u00e1ul a kapcsolatfelv\u00e9teli oldalakon vagy a hozz\u00e1sz\u00f3l\u00e1si \u0171rlapokon tal\u00e1lhat\u00f3 \u0171rlapokon kereszt\u00fcl, cookie-kat lehet be\u00e1ll\u00edtani, hogy a j\u00f6v\u0151beni levelez\u00e9shez megjegyezz\u00e9k az \u00d6n felhaszn\u00e1l\u00f3i adatait.<\/p>\n\n\n\n<p>Sz\u00e1mos, a Google Analytics \u00e1ltal biztos\u00edtott s\u00fctit haszn\u00e1lunk. A Google Analytics seg\u00edts\u00e9g\u00e9vel meg\u00e9rthetj\u00fck, hogyan haszn\u00e1lja az oldalt, \u00e9s hogyan jav\u00edthatjuk az \u00e9lm\u00e9nyt. Ezek a cookie-k olyan dolgokat k\u00f6vethetnek nyomon, mint p\u00e9ld\u00e1ul, hogy mennyi id\u0151t t\u00f6lt az oldalon, \u00e9s milyen oldalakat l\u00e1togat meg, hogy tov\u00e1bbra is \u00e9rdekes tartalmat tudjunk k\u00e9sz\u00edteni. Tudjon meg t\u00f6bbet a k\u00f6vetkez\u0151kr\u0151l <a href=\"https:\/\/developers.google.com\/analytics\/devguides\/collection\/analyticsjs\/cookie-usage\" target=\"_blank\" rel=\"noreferrer noopener\">Google Analytics s\u00fctik\"<\/a><\/p>\n\n\n\n<h4 class=\"wp-block-heading\"><strong>A s\u00fctik letilt\u00e1sa<\/strong><\/h4>\n\n\n\n<p>A cookie-k be\u00e1ll\u00edt\u00e1s\u00e1t megakad\u00e1lyozhatja a b\u00f6ng\u00e9sz\u0151je be\u00e1ll\u00edt\u00e1sainak m\u00f3dos\u00edt\u00e1s\u00e1val (ennek m\u00f3dj\u00e1t l\u00e1sd a b\u00f6ng\u00e9sz\u0151 s\u00fag\u00f3j\u00e1ban). Ne feledje, hogy a s\u00fctik letilt\u00e1sa hat\u00e1ssal lesz ennek \u00e9s sok m\u00e1s, \u00d6n \u00e1ltal l\u00e1togatott weboldalnak a m\u0171k\u00f6d\u00e9s\u00e9re. A cookie-k letilt\u00e1sa \u00e1ltal\u00e1ban a webhely bizonyos funkci\u00f3inak \u00e9s jellemz\u0151inek letilt\u00e1s\u00e1t is eredm\u00e9nyezi. Ez\u00e9rt aj\u00e1nlott, hogy ne tiltsa le a cookie-kat.<\/p>\n\n\n\n<h4 class=\"wp-block-heading\"><strong>Tov\u00e1bbi inform\u00e1ci\u00f3<\/strong><\/h4>\n\n\n\n<p>Rem\u00e9lhet\u0151leg ez tiszt\u00e1zta a dolgokat az \u00d6n sz\u00e1m\u00e1ra. Ha van valami, amir\u0151l nem biztos, hogy sz\u00fcks\u00e9ge van r\u00e1, \u00e1ltal\u00e1ban biztons\u00e1gosabb, ha enged\u00e9lyezve hagyja a cookie-kat, arra az esetre, ha az k\u00f6lcs\u00f6nhat\u00e1sba l\u00e9pne az oldalunk valamelyik funkci\u00f3j\u00e1val.<\/p>\n\n\n\n<p>Ha tov\u00e1bbi inform\u00e1ci\u00f3ra van sz\u00fcks\u00e9ge, l\u00e9pjen kapcsolatba vel\u00fcnk a k\u00f6vetkez\u0151 c\u00edmen:<\/p>\n\n\n\n<p>E-mail: <a>info@vivasalt.eu<\/a><\/p>\n\n\n\n<p>Telefon: +386 69 606 707<\/p>","protected":false},"excerpt":{"rendered":"<p>Cookie policy As is common practice with almost all professional websites this site uses cookies. What are cookies Cookies are text files containing small amounts of information which are downloaded to your device (phone, laptop or tablet) when you visit a website. Data is then sent back to the originating website on each subsequent visit, [&hellip;]<\/p>\n","protected":false},"author":1,"featured_media":0,"parent":0,"menu_order":0,"comment_status":"closed","ping_status":"open","template":"","meta":{"_seopress_robots_primary_cat":"","_seopress_titles_title":"Privacy Policy - VivaSalt","_seopress_titles_desc":"Privacy Policy - VivaSalt Halogenerator","_seopress_robots_index":"","footnotes":""},"class_list":["post-3","page","type-page","status-publish","hentry"],"_links":{"self":[{"href":"https:\/\/vivasalt-halogenerator.eu\/hu\/wp-json\/wp\/v2\/pages\/3","targetHints":{"allow":["GET"]}}],"collection":[{"href":"https:\/\/vivasalt-halogenerator.eu\/hu\/wp-json\/wp\/v2\/pages"}],"about":[{"href":"https:\/\/vivasalt-halogenerator.eu\/hu\/wp-json\/wp\/v2\/types\/page"}],"author":[{"embeddable":true,"href":"https:\/\/vivasalt-halogenerator.eu\/hu\/wp-json\/wp\/v2\/users\/1"}],"replies":[{"embeddable":true,"href":"https:\/\/vivasalt-halogenerator.eu\/hu\/wp-json\/wp\/v2\/comments?post=3"}],"version-history":[{"count":1,"href":"https:\/\/vivasalt-halogenerator.eu\/hu\/wp-json\/wp\/v2\/pages\/3\/revisions"}],"predecessor-version":[{"id":535,"href":"https:\/\/vivasalt-halogenerator.eu\/hu\/wp-json\/wp\/v2\/pages\/3\/revisions\/535"}],"wp:attachment":[{"href":"https:\/\/vivasalt-halogenerator.eu\/hu\/wp-json\/wp\/v2\/media?parent=3"}],"curies":[{"name":"wp","href":"https:\/\/api.w.org\/{rel}","templated":true}]}}