{"id":10,"date":"2021-02-08T13:10:31","date_gmt":"2021-02-08T13:10:31","guid":{"rendered":"https:\/\/themes.muffingroup.com\/be\/dietitian3\/?page_id=10"},"modified":"2025-01-12T16:20:39","modified_gmt":"2025-01-12T16:20:39","slug":"home","status":"publish","type":"page","link":"https:\/\/vivasalt-halogenerator.eu\/hu\/","title":{"rendered":"F\u0151oldal"},"content":{"rendered":"<div data-elementor-type=\"wp-page\" data-elementor-id=\"10\" class=\"elementor elementor-10\" data-elementor-post-type=\"page\">\n\t\t\t\t\t\t<section class=\"elementor-section elementor-top-section elementor-element elementor-element-89d93ab elementor-section-height-min-height elementor-section-full_width elementor-section-content-middle elementor-section-height-default elementor-section-items-middle\" data-id=\"89d93ab\" data-element_type=\"section\" data-e-type=\"section\" data-settings=\"{&quot;background_background&quot;:&quot;classic&quot;}\">\n\t\t\t\t\t\t<div class=\"elementor-container elementor-column-gap-no\">\n\t\t\t\t\t<div class=\"elementor-column elementor-col-100 elementor-top-column elementor-element elementor-element-2614274\" data-id=\"2614274\" data-element_type=\"column\" data-e-type=\"column\">\n\t\t\t<div class=\"elementor-widget-wrap elementor-element-populated\">\n\t\t\t\t\t\t<div class=\"elementor-element elementor-element-4013c9b elementor-widget elementor-widget-heading\" data-id=\"4013c9b\" data-element_type=\"widget\" data-e-type=\"widget\" data-widget_type=\"heading.default\">\n\t\t\t\t<div class=\"elementor-widget-container\">\n\t\t\t\t\t<h1 class=\"elementor-heading-title elementor-size-default\">VivaSalt <br>\nHalogeniz\u00e1torok<\/h1>\t\t\t\t<\/div>\n\t\t\t\t<\/div>\n\t\t\t\t<div class=\"elementor-element elementor-element-b2a7a0f elementor-widget elementor-widget-text-editor\" data-id=\"b2a7a0f\" data-element_type=\"widget\" data-e-type=\"widget\" data-widget_type=\"text-editor.default\">\n\t\t\t\t<div class=\"elementor-widget-container\">\n\t\t\t\t\t\t\t\t\t<p>Amikor a tud\u00e1s, a tapasztalat \u00e9s a sz\u00edv \u00f6sszekapcsol\u00f3dik, l\u00e9trej\u00f6n a VivaSalt min\u0151s\u00e9g. Otthoni \u00e9s professzion\u00e1lis haszn\u00e1latra.<br \/>A r\u00e9szletek figyelembev\u00e9tel\u00e9vel tervezve!<\/p>\t\t\t\t\t\t\t\t<\/div>\n\t\t\t\t<\/div>\n\t\t\t\t<div class=\"elementor-element elementor-element-a3c61eb elementor-widget elementor-widget-button\" data-id=\"a3c61eb\" data-element_type=\"widget\" data-e-type=\"widget\" data-widget_type=\"button.default\">\n\t\t\t\t<div class=\"elementor-widget-container\">\n\t\t\t\t\t\t\t\t\t<div class=\"elementor-button-wrapper\">\n\t\t\t\t\t<a class=\"elementor-button elementor-button-link elementor-size-sm\" href=\"https:\/\/vivasalt-halogenerator.eu\/hu\/halogenerator\/\">\n\t\t\t\t\t\t<span class=\"elementor-button-content-wrapper\">\n\t\t\t\t\t\t\t\t\t<span class=\"elementor-button-text\">Tov\u00e1bbi inform\u00e1ci\u00f3k felfedez\u00e9se<\/span>\n\t\t\t\t\t<\/span>\n\t\t\t\t\t<\/a>\n\t\t\t\t<\/div>\n\t\t\t\t\t\t\t\t<\/div>\n\t\t\t\t<\/div>\n\t\t\t\t<section class=\"elementor-section elementor-inner-section elementor-element elementor-element-c247f9a elementor-section-boxed elementor-section-height-default elementor-section-height-default\" data-id=\"c247f9a\" data-element_type=\"section\" data-e-type=\"section\" id=\"product-slider-hero\">\n\t\t\t\t\t\t<div class=\"elementor-container elementor-column-gap-default\">\n\t\t\t\t\t<div class=\"elementor-column elementor-col-100 elementor-inner-column elementor-element elementor-element-da7c005\" data-id=\"da7c005\" data-element_type=\"column\" data-e-type=\"column\">\n\t\t\t<div class=\"elementor-widget-wrap elementor-element-populated\">\n\t\t\t\t\t\t<div class=\"elementor-element elementor-element-87fb3ca elementor-arrows-position-outside slider-hero elementor-widget-tablet__width-initial elementor--h-position-left elementor--v-position-bottom elementor-widget-mobile__width-inherit elementor-widget elementor-widget-slides\" data-id=\"87fb3ca\" data-element_type=\"widget\" data-e-type=\"widget\" data-settings=\"{&quot;navigation&quot;:&quot;arrows&quot;,&quot;autoplay&quot;:&quot;yes&quot;,&quot;pause_on_hover&quot;:&quot;yes&quot;,&quot;pause_on_interaction&quot;:&quot;yes&quot;,&quot;autoplay_speed&quot;:5000,&quot;infinite&quot;:&quot;yes&quot;,&quot;transition&quot;:&quot;slide&quot;,&quot;transition_speed&quot;:500}\" data-widget_type=\"slides.default\">\n\t\t\t\t<div class=\"elementor-widget-container\">\n\t\t\t\t\t\t\t\t\t<div class=\"elementor-swiper\">\n\t\t\t\t\t<div class=\"elementor-slides-wrapper elementor-main-swiper swiper\" role=\"region\" aria-roledescription=\"carousel\" aria-label=\"Cs\u00faszka\" dir=\"ltr\" data-animation=\"\">\n\t\t\t\t<div class=\"swiper-wrapper elementor-slides\">\n\t\t\t\t\t\t\t\t\t\t<div class=\"elementor-repeater-item-85f146e swiper-slide\" role=\"group\" aria-roledescription=\"slide\"><div class=\"swiper-slide-bg\" role=\"img\" aria-label=\"VivaSalt-Halogenerator-Mediteran_1-t\"><\/div><div class=\"swiper-slide-inner\" ><div class=\"swiper-slide-contents\"><h2 class=\"elementor-slide-heading\">VivaSalt mediterr\u00e1n<\/h2><p class=\"elementor-slide-description\">Professzion\u00e1lis halogener\u00e1tor 15m2-ig terjed\u0151 helyis\u00e9gek sz\u00e1m\u00e1ra.<\/p><a href=\"https:\/\/vivasalt-halogenerator.eu\/hu\/vivasalt-mediteran\/\" class=\"elementor-button elementor-slide-button elementor-size-sm\">Term\u00e9k r\u00e9szletei<\/a><\/div><\/div><\/div><div class=\"elementor-repeater-item-5bd6ecf swiper-slide\" role=\"group\" aria-roledescription=\"slide\"><div class=\"swiper-slide-bg\" role=\"img\" aria-label=\"VivaSalt Comfortable_thumb\"><\/div><div class=\"swiper-slide-inner\" ><div class=\"swiper-slide-contents\"><h2 class=\"elementor-slide-heading\">VivaSalt Comfortable<\/h2><p class=\"elementor-slide-description\">Professzion\u00e1lis halogener\u00e1tor 15m2-n\u00e9l nagyobb helyis\u00e9gek sz\u00e1m\u00e1ra.<\/p><a href=\"https:\/\/vivasalt-halogenerator.eu\/hu\/vivasalt-comfortable\/\" class=\"elementor-button elementor-slide-button elementor-size-sm\">Term\u00e9k r\u00e9szletei<\/a><\/div><\/div><\/div><div class=\"elementor-repeater-item-539ce28 swiper-slide\" role=\"group\" aria-roledescription=\"slide\"><div class=\"swiper-slide-bg\" role=\"img\" aria-label=\"VivaSalt Power_thumb\"><\/div><div class=\"swiper-slide-inner\" ><div class=\"swiper-slide-contents\"><h2 class=\"elementor-slide-heading\">VivaSalt Power<\/h2><p class=\"elementor-slide-description\">Hordozhat\u00f3 halogeniz\u00e1tor, amelyet legfeljebb 10 m2-es helyis\u00e9gekben t\u00f6rt\u00e9n\u0151 haszn\u00e1latra terveztek.<\/p><a href=\"https:\/\/vivasalt-halogenerator.eu\/hu\/vivasalt-power\/\" class=\"elementor-button elementor-slide-button elementor-size-sm\">Term\u00e9k r\u00e9szletei<\/a><\/div><\/div><\/div><div class=\"elementor-repeater-item-d819e9b swiper-slide\" role=\"group\" aria-roledescription=\"slide\"><div class=\"swiper-slide-bg\" role=\"img\" aria-label=\"VivaSalt Lux_thumb\"><\/div><div class=\"swiper-slide-inner\" ><div class=\"swiper-slide-contents\"><h2 class=\"elementor-slide-heading\">VivaSalt Lux<\/h2><p class=\"elementor-slide-description\">Hordozhat\u00f3 halogeniz\u00e1tor 10 m2-n\u00e9l nagyobb helyis\u00e9gekben t\u00f6rt\u00e9n\u0151 haszn\u00e1latra.<\/p><a href=\"https:\/\/vivasalt-halogenerator.eu\/hu\/vivasalt-lux\/\" class=\"elementor-button elementor-slide-button elementor-size-sm\">Term\u00e9k r\u00e9szletei<\/a><\/div><\/div><\/div><div class=\"elementor-repeater-item-c9d15c4 swiper-slide\" role=\"group\" aria-roledescription=\"slide\"><div class=\"swiper-slide-bg\" role=\"img\" aria-label=\"VivaSalt 12h_thumb\"><\/div><div class=\"swiper-slide-inner\" ><div class=\"swiper-slide-contents\"><h2 class=\"elementor-slide-heading\">VivaSalt 12H<\/h2><p class=\"elementor-slide-description\">Egyed\u00fcl\u00e1ll\u00f3 megold\u00e1s a piacon, 12 \u00f3r\u00e1n kereszt\u00fcl folyamatosan m\u0171k\u00f6dik s\u00f3 hozz\u00e1ad\u00e1sa n\u00e9lk\u00fcl.<\/p><a href=\"https:\/\/vivasalt-halogenerator.eu\/hu\/vivasalt-12h\/\" class=\"elementor-button elementor-slide-button elementor-size-sm\">Term\u00e9k r\u00e9szletei<\/a><\/div><\/div><\/div><div class=\"elementor-repeater-item-bc40e3f swiper-slide\" role=\"group\" aria-roledescription=\"slide\"><div class=\"swiper-slide-bg\" role=\"img\" aria-label=\"VivaSalt Family_thumb\"><\/div><div class=\"swiper-slide-inner\" ><div class=\"swiper-slide-contents\"><h2 class=\"elementor-slide-heading\">VivaSalt Family<\/h2><p class=\"elementor-slide-description\">Hordozhat\u00f3 halogeniz\u00e1tor otthoni haszn\u00e1latra.<\/p><a href=\"https:\/\/vivasalt-halogenerator.eu\/hu\/vivasalt-family\/\" class=\"elementor-button elementor-slide-button elementor-size-sm\">Term\u00e9k r\u00e9szletei<\/a><\/div><\/div><\/div><div class=\"elementor-repeater-item-ced1351 swiper-slide\" role=\"group\" aria-roledescription=\"slide\"><div class=\"swiper-slide-bg\" role=\"img\" aria-label=\"VivaSalt Animal_thumb\"><\/div><div class=\"swiper-slide-inner\" ><div class=\"swiper-slide-contents\"><h2 class=\"elementor-slide-heading\">VivaSalt Animal<\/h2><p class=\"elementor-slide-description\">Falra szerelt Animal halog\u00e9ngener\u00e1tor.<\/p><a href=\"https:\/\/vivasalt-halogenerator.eu\/hu\/vivasalt-animal\/\" class=\"elementor-button elementor-slide-button elementor-size-sm\">Term\u00e9k r\u00e9szletei<\/a><\/div><\/div><\/div><div class=\"elementor-repeater-item-0909044 swiper-slide\" role=\"group\" aria-roledescription=\"slide\"><div class=\"swiper-slide-bg\" role=\"img\" aria-label=\"VivaSalt AnmalPortable_thumb\"><\/div><div class=\"swiper-slide-inner\" ><div class=\"swiper-slide-contents\"><h2 class=\"elementor-slide-heading\">VivaSalt Animal hordozhat\u00f3<\/h2><p class=\"elementor-slide-description\">Hordozhat\u00f3 Animal halogeniz\u00e1tor.<\/p><a href=\"https:\/\/vivasalt-halogenerator.eu\/hu\/vivasalt-animal-mobile\/\" class=\"elementor-button elementor-slide-button elementor-size-sm\">Term\u00e9k r\u00e9szletei<\/a><\/div><\/div><\/div><div class=\"elementor-repeater-item-0661e01 swiper-slide\" role=\"group\" aria-roledescription=\"slide\"><div class=\"swiper-slide-bg\" role=\"img\" aria-label=\"VivaSAlt SPA Qube_thumb\"><\/div><div class=\"swiper-slide-inner\" ><div class=\"swiper-slide-contents\"><h2 class=\"elementor-slide-heading\">VivaSalt SPA Qube<\/h2><p class=\"elementor-slide-description\">Wellness- \u00e9s gy\u00f3gyf\u00fcrd\u0151k\u00f6zpontokban val\u00f3 haszn\u00e1latra tervezett halogener\u00e1tor.<\/p><a href=\"https:\/\/vivasalt-halogenerator.eu\/hu\/vivasalt-spa-qube\/\" class=\"elementor-button elementor-slide-button elementor-size-sm\">Term\u00e9k r\u00e9szletei<\/a><\/div><\/div><\/div>\t\t\t\t<\/div>\n\t\t\t\t\t\t\t\t\t\t\t\t\t\t\t<div class=\"elementor-swiper-button elementor-swiper-button-prev\" role=\"button\" tabindex=\"0\" aria-label=\"El\u0151z\u0151 dia\">\n\t\t\t\t\t\t\t<i aria-hidden=\"true\" class=\"eicon-chevron-left\"><\/i>\t\t\t\t\t\t<\/div>\n\t\t\t\t\t\t<div class=\"elementor-swiper-button elementor-swiper-button-next\" role=\"button\" tabindex=\"0\" aria-label=\"K\u00f6vetkez\u0151 dia\">\n\t\t\t\t\t\t\t<i aria-hidden=\"true\" class=\"eicon-chevron-right\"><\/i>\t\t\t\t\t\t<\/div>\n\t\t\t\t\t\t\t\t\t\t\t\t\t\t\t\t\t<\/div>\n\t\t\t\t<\/div>\n\t\t\t\t\t\t\t\t<\/div>\n\t\t\t\t<\/div>\n\t\t\t\t\t<\/div>\n\t\t<\/div>\n\t\t\t\t\t<\/div>\n\t\t<\/section>\n\t\t\t\t\t<\/div>\n\t\t<\/div>\n\t\t\t\t\t<\/div>\n\t\t<\/section>\n\t\t\t\t<section class=\"elementor-section elementor-top-section elementor-element elementor-element-dc0f770 elementor-section-full_width elementor-reverse-tablet elementor-reverse-mobile sm-padding-left elementor-section-height-default elementor-section-height-default\" data-id=\"dc0f770\" data-element_type=\"section\" data-e-type=\"section\" data-settings=\"{&quot;background_background&quot;:&quot;classic&quot;}\">\n\t\t\t\t\t\t<div class=\"elementor-container elementor-column-gap-custom\">\n\t\t\t\t\t<div class=\"elementor-column elementor-col-50 elementor-top-column elementor-element elementor-element-650950d\" data-id=\"650950d\" data-element_type=\"column\" data-e-type=\"column\">\n\t\t\t<div class=\"elementor-widget-wrap elementor-element-populated\">\n\t\t\t\t\t\t<div class=\"elementor-element elementor-element-21fc40e elementor-widget elementor-widget-image\" data-id=\"21fc40e\" data-element_type=\"widget\" data-e-type=\"widget\" data-widget_type=\"image.default\">\n\t\t\t\t<div class=\"elementor-widget-container\">\n\t\t\t\t\t\t\t\t\t\t\t\t\t\t\t<img fetchpriority=\"high\" decoding=\"async\" width=\"680\" height=\"465\" src=\"https:\/\/vivasalt-halogenerator.eu\/wp-content\/uploads\/2025\/01\/100-0U2A1103-1.png\" class=\"attachment-large size-large wp-image-1182\" alt=\"\" srcset=\"https:\/\/vivasalt-halogenerator.eu\/wp-content\/uploads\/2025\/01\/100-0U2A1103-1.png 680w, https:\/\/vivasalt-halogenerator.eu\/wp-content\/uploads\/2025\/01\/100-0U2A1103-1-300x205.png 300w, https:\/\/vivasalt-halogenerator.eu\/wp-content\/uploads\/2025\/01\/100-0U2A1103-1-18x12.png 18w\" sizes=\"(max-width: 680px) 100vw, 680px\" \/>\t\t\t\t\t\t\t\t\t\t\t\t\t\t\t<\/div>\n\t\t\t\t<\/div>\n\t\t\t\t\t<\/div>\n\t\t<\/div>\n\t\t\t\t<div class=\"elementor-column elementor-col-50 elementor-top-column elementor-element elementor-element-5d31cdc\" data-id=\"5d31cdc\" data-element_type=\"column\" data-e-type=\"column\">\n\t\t\t<div class=\"elementor-widget-wrap elementor-element-populated\">\n\t\t\t\t\t\t<div class=\"elementor-element elementor-element-aaf01a9 elementor-widget elementor-widget-text-editor\" data-id=\"aaf01a9\" data-element_type=\"widget\" data-e-type=\"widget\" data-widget_type=\"text-editor.default\">\n\t\t\t\t<div class=\"elementor-widget-container\">\n\t\t\t\t\t\t\t\t\t<h2 class=\"box-header animation-slide slide\">\u00dcdv\u00f6z\u00f6lj\u00fck a VIVA SALT-n\u00e1l<\/h2><div class=\"wpb_text_column wpb_content_element no-margin description\"><div class=\"wpb_wrapper\"><p>Amikor a tud\u00e1s, a tapasztalat \u00e9s a sz\u00edv tal\u00e1lkozik, l\u00e9trej\u00f6n a VIVA SALT min\u0151s\u00e9g.<\/p><p>Magas min\u0151s\u00e9g\u0171 megold\u00e1sokat k\u00edn\u00e1lunk s\u00f3szob\u00e1khoz \u00e9s haloter\u00e1pi\u00e1hoz. K\u00fcl\u00f6nb\u00f6z\u00fcnk a kiv\u00e9teles min\u0151s\u00e9ggel \u00e9s tervez\u00e9ssel kialak\u00edtott s\u00f3szob\u00e1inkkal, CE igazol\u00e1ssal ell\u00e1tott k\u00f6t\u0151anyagot haszn\u00e1lunk a s\u00f3vakolathoz, valamint maradand\u00f3an tart\u00f3s halogener\u00e1torokat fejlesztett\u00fcnk ki. melyek hasonl\u00f3 eszk\u00f6z\u00f6kkel szerzett tapasztalataink eredm\u00e9nyei.\n\nS\u00f3vakolatunk nem v\u00e1lik le, szil\u00e1rd, 100%-os feh\u00e9r s\u00f3 \u00e9s a k\u00f6t\u0151anyagunk kever\u00e9ke, mely CE jel\u00f6l\u00e9ssel ell\u00e1tott, azaz, nem k\u00e1ros a l\u00e9gz\u0151rendszerre \u00e9s a b\u0151rre.\n\n\u00dcdv\u00f6z\u00f6lj\u00fck a s\u00f3 vil\u00e1g\u00e1ban!<\/p><\/div><\/div>\t\t\t\t\t\t\t\t<\/div>\n\t\t\t\t<\/div>\n\t\t\t\t\t<\/div>\n\t\t<\/div>\n\t\t\t\t\t<\/div>\n\t\t<\/section>\n\t\t\t\t<section class=\"elementor-section elementor-top-section elementor-element elementor-element-c509c2f elementor-section-full_width elementor-section-height-default elementor-section-height-default\" data-id=\"c509c2f\" data-element_type=\"section\" data-e-type=\"section\" data-settings=\"{&quot;background_background&quot;:&quot;classic&quot;}\">\n\t\t\t\t\t\t<div class=\"elementor-container elementor-column-gap-default\">\n\t\t\t\t\t<div class=\"elementor-column elementor-col-100 elementor-top-column elementor-element elementor-element-3966ff6\" data-id=\"3966ff6\" data-element_type=\"column\" data-e-type=\"column\">\n\t\t\t<div class=\"elementor-widget-wrap elementor-element-populated\">\n\t\t\t\t\t\t<div class=\"elementor-element elementor-element-d273c30 elementor-widget-tablet__width-initial elementor-widget elementor-widget-heading\" data-id=\"d273c30\" data-element_type=\"widget\" data-e-type=\"widget\" data-widget_type=\"heading.default\">\n\t\t\t\t<div class=\"elementor-widget-container\">\n\t\t\t\t\t<h2 class=\"elementor-heading-title elementor-size-default\">V\u00e1s\u00e1rolja meg a VivaSalt\nHalogeniz\u00e1tor<\/h2>\t\t\t\t<\/div>\n\t\t\t\t<\/div>\n\t\t\t\t<div class=\"elementor-element elementor-element-57025d7 elementor-widget elementor-widget-text-editor\" data-id=\"57025d7\" data-element_type=\"widget\" data-e-type=\"widget\" data-widget_type=\"text-editor.default\">\n\t\t\t\t<div class=\"elementor-widget-container\">\n\t\t\t\t\t\t\t\t\t<p>Amikor a tud\u00e1s, a tapasztalat \u00e9s a sz\u00edv \u00f6sszekapcsol\u00f3dik, l\u00e9trej\u00f6n a VivaSalt min\u0151s\u00e9g. Otthoni \u00e9s professzion\u00e1lis haszn\u00e1latra.<br \/>A r\u00e9szletek figyelembev\u00e9tel\u00e9vel tervezve!\u00a0<\/p>\t\t\t\t\t\t\t\t<\/div>\n\t\t\t\t<\/div>\n\t\t\t\t<div class=\"elementor-element elementor-element-1694e12 elementor-widget elementor-widget-button\" data-id=\"1694e12\" data-element_type=\"widget\" data-e-type=\"widget\" data-widget_type=\"button.default\">\n\t\t\t\t<div class=\"elementor-widget-container\">\n\t\t\t\t\t\t\t\t\t<div class=\"elementor-button-wrapper\">\n\t\t\t\t\t<a class=\"elementor-button elementor-button-link elementor-size-sm\" href=\"https:\/\/vivasalt-halogenerator.eu\/hu\/halogenerator\/\">\n\t\t\t\t\t\t<span class=\"elementor-button-content-wrapper\">\n\t\t\t\t\t\t\t\t\t<span class=\"elementor-button-text\">V\u00e1s\u00e1rolja meg a saj\u00e1tj\u00e1t most<\/span>\n\t\t\t\t\t<\/span>\n\t\t\t\t\t<\/a>\n\t\t\t\t<\/div>\n\t\t\t\t\t\t\t\t<\/div>\n\t\t\t\t<\/div>\n\t\t\t\t\t<\/div>\n\t\t<\/div>\n\t\t\t\t\t<\/div>\n\t\t<\/section>\n\t\t\t\t<section class=\"elementor-section elementor-top-section elementor-element elementor-element-2a1cb21 elementor-section-boxed elementor-section-height-default elementor-section-height-default\" data-id=\"2a1cb21\" data-element_type=\"section\" data-e-type=\"section\" data-settings=\"{&quot;background_background&quot;:&quot;classic&quot;}\">\n\t\t\t\t\t\t<div class=\"elementor-container elementor-column-gap-default\">\n\t\t\t\t\t<div class=\"elementor-column elementor-col-100 elementor-top-column elementor-element elementor-element-0b7201e\" data-id=\"0b7201e\" data-element_type=\"column\" data-e-type=\"column\" data-settings=\"{&quot;background_background&quot;:&quot;classic&quot;}\">\n\t\t\t<div class=\"elementor-widget-wrap elementor-element-populated\">\n\t\t\t\t\t\t<div class=\"elementor-element elementor-element-40b1cce testimonial elementor-testimonial--skin-default elementor-testimonial--layout-image_inline elementor-testimonial--align-center elementor-arrows-yes elementor-widget elementor-widget-testimonial-carousel\" data-id=\"40b1cce\" data-element_type=\"widget\" data-e-type=\"widget\" data-settings=\"{&quot;show_arrows&quot;:&quot;yes&quot;,&quot;speed&quot;:500,&quot;autoplay&quot;:&quot;yes&quot;,&quot;autoplay_speed&quot;:5000,&quot;loop&quot;:&quot;yes&quot;,&quot;pause_on_hover&quot;:&quot;yes&quot;,&quot;pause_on_interaction&quot;:&quot;yes&quot;,&quot;space_between&quot;:{&quot;unit&quot;:&quot;px&quot;,&quot;size&quot;:10,&quot;sizes&quot;:[]},&quot;space_between_tablet&quot;:{&quot;unit&quot;:&quot;px&quot;,&quot;size&quot;:10,&quot;sizes&quot;:[]},&quot;space_between_mobile&quot;:{&quot;unit&quot;:&quot;px&quot;,&quot;size&quot;:10,&quot;sizes&quot;:[]}}\" data-widget_type=\"testimonial-carousel.default\">\n\t\t\t\t<div class=\"elementor-widget-container\">\n\t\t\t\t\t\t\t\t\t<div class=\"elementor-swiper\">\n\t\t\t\t\t<div class=\"elementor-main-swiper swiper\" role=\"region\" aria-roledescription=\"carousel\" aria-label=\"Cs\u00faszka\">\n\t\t\t\t<div class=\"swiper-wrapper\">\n\t\t\t\t\t\t\t\t\t\t\t<div class=\"swiper-slide\" role=\"group\" aria-roledescription=\"slide\">\n\t\t\t\t\t\t\t\t\t<div class=\"elementor-testimonial\">\n\t\t\t\t\t\t\t<div class=\"elementor-testimonial__content\">\n\t\t\t\t\t<div class=\"elementor-testimonial__text\">\n\t\t\t\t\t\tA halogeniz\u00e1torokkal olyan ellen\u0151rz\u00f6tt koncentr\u00e1ci\u00f3j\u00fa aeroszolt hozunk l\u00e9tre, amelyet a term\u00e9szetben a tenger hoz l\u00e9tre. 30 perc a s\u00f3szob\u00e1ban olyan, mintha 4 napot t\u00f6lten\u00e9nk a tengerben.\t\t\t\t\t<\/div>\n\t\t\t\t\t\t\t\t\t<\/div>\n\t\t\t\t\t\t<div class=\"elementor-testimonial__footer\">\n\t\t\t\t\t\t\t\t\t\t\t<\/div>\n\t\t<\/div>\n\t\t\t\t\t\t\t\t<\/div>\n\t\t\t\t\t\t\t\t\t\t\t<div class=\"swiper-slide\" role=\"group\" aria-roledescription=\"slide\">\n\t\t\t\t\t\t\t\t\t<div class=\"elementor-testimonial\">\n\t\t\t\t\t\t\t<div class=\"elementor-testimonial__content\">\n\t\t\t\t\t<div class=\"elementor-testimonial__text\">\n\t\t\t\t\t\tNagyon aj\u00e1nlom a halogener\u00e1tort egy asztm\u00e1s feln\u0151ttnek vagy gyermeknek. A l\u00e1nyom minden t\u00e9len vagy iskolakezd\u00e9skor minden bakt\u00e9riumot felszed, \u00e9s \u00e1lland\u00f3an antibiotikumot szteroidokat \u00e9s porlaszt\u00f3t kap az asztm\u00e1ja miatt.\t\t\t\t\t<\/div>\n\t\t\t\t\t\t\t\t\t<\/div>\n\t\t\t\t\t\t<div class=\"elementor-testimonial__footer\">\n\t\t\t\t\t\t\t\t\t\t\t<\/div>\n\t\t<\/div>\n\t\t\t\t\t\t\t\t<\/div>\n\t\t\t\t\t\t\t\t\t\t\t<div class=\"swiper-slide\" role=\"group\" aria-roledescription=\"slide\">\n\t\t\t\t\t\t\t\t\t<div class=\"elementor-testimonial\">\n\t\t\t\t\t\t\t<div class=\"elementor-testimonial__content\">\n\t\t\t\t\t<div class=\"elementor-testimonial__text\">\n\t\t\t\t\t\tNagyon aj\u00e1nlom! Ma volt az els\u0151 kezel\u00e9sem \u00e9s m\u00e1ris sokkal jobb a l\u00e9gz\u00e9sem. \u00c1lland\u00f3 arc\u00fcreg- \u00e9s mellkasi fert\u0151z\u00e9seim vannak. Az antibiotikumok, szteroidok, stb. m\u00e1r nem haszn\u00e1lnak, ez\u00e9rt kipr\u00f3b\u00e1ltam a s\u00f3szob\u00e1kat. Mindenk\u00e9ppen visszat\u00e9rek.\t\t\t\t\t<\/div>\n\t\t\t\t\t\t\t\t\t<\/div>\n\t\t\t\t\t\t<div class=\"elementor-testimonial__footer\">\n\t\t\t\t\t\t\t\t\t\t\t<\/div>\n\t\t<\/div>\n\t\t\t\t\t\t\t\t<\/div>\n\t\t\t\t\t\t\t\t\t\t\t<div class=\"swiper-slide\" role=\"group\" aria-roledescription=\"slide\">\n\t\t\t\t\t\t\t\t\t<div class=\"elementor-testimonial\">\n\t\t\t\t\t\t\t<div class=\"elementor-testimonial__content\">\n\t\t\t\t\t<div class=\"elementor-testimonial__text\">\n\t\t\t\t\t\tMa hoztam ide a n\u00e9gy\u00e9ves fiamat, miut\u00e1n egy nap \u00e9s egy \u00e9jszaka folyamatosan k\u00f6h\u00f6g\u00f6tt. Azt mondtam, hogy a szok\u00e1sos szteroidok helyett, amiket fel\u00edrtak volna, kipr\u00f3b\u00e1lom a s\u00f3szob\u00e1t. \u0150 egy vadonat\u00faj gyerek volt ut\u00e1na alig k\u00f6h\u00f6g\u00f6tt \u00e9s most nyugodtan alszik.\t\t\t\t\t<\/div>\n\t\t\t\t\t\t\t\t\t<\/div>\n\t\t\t\t\t\t<div class=\"elementor-testimonial__footer\">\n\t\t\t\t\t\t\t\t\t\t\t<\/div>\n\t\t<\/div>\n\t\t\t\t\t\t\t\t<\/div>\n\t\t\t\t\t\t\t\t\t\t\t<div class=\"swiper-slide\" role=\"group\" aria-roledescription=\"slide\">\n\t\t\t\t\t\t\t\t\t<div class=\"elementor-testimonial\">\n\t\t\t\t\t\t\t<div class=\"elementor-testimonial__content\">\n\t\t\t\t\t<div class=\"elementor-testimonial__text\">\n\t\t\t\t\t\tH\u00e1rom VivaSalt Power kezel\u00e9s ut\u00e1n a k\u00f6h\u00f6g\u00e9se elm\u00falt. Nincs sz\u00fcks\u00e9g szteroidokra. Annyira \u00f6r\u00fcl\u00f6k, hogy kipr\u00f3b\u00e1lhatok alternat\u00edv \u00e9s biztons\u00e1gos m\u00f3dszereket a fiam asztm\u00e1j\u00e1n val\u00f3 seg\u00edt\u00e9sre. Mindent megtesz\u00fcnk, hogy seg\u00edts\u00fcnk a kicsinyeinken.\t\t\t\t\t<\/div>\n\t\t\t\t\t\t\t\t\t<\/div>\n\t\t\t\t\t\t<div class=\"elementor-testimonial__footer\">\n\t\t\t\t\t\t\t\t\t\t\t<\/div>\n\t\t<\/div>\n\t\t\t\t\t\t\t\t<\/div>\n\t\t\t\t\t\t\t\t\t<\/div>\n\t\t\t\t\t\t\t\t\t\t\t\t\t\t\t<div class=\"elementor-swiper-button elementor-swiper-button-prev\" role=\"button\" tabindex=\"0\" aria-label=\"\u041f\u0440\u0435\u0434\u044b\u0434\u0443\u0449\u0430\u044f\" data-no-translation-aria-label=\"\">\n\t\t\t\t\t\t\t<i aria-hidden=\"true\" class=\"eicon-chevron-left\"><\/i>\t\t\t\t\t\t<\/div>\n\t\t\t\t\t\t<div class=\"elementor-swiper-button elementor-swiper-button-next\" role=\"button\" tabindex=\"0\" aria-label=\"\u0421\u043b\u0435\u0434\u0443\u044e\u0449\u0430\u044f\" data-no-translation-aria-label=\"\">\n\t\t\t\t\t\t\t<i aria-hidden=\"true\" class=\"eicon-chevron-right\"><\/i>\t\t\t\t\t\t<\/div>\n\t\t\t\t\t\t\t\t\t\t\t\t\t\t\t\t\t<\/div>\n\t\t\t\t<\/div>\n\t\t\t\t\t\t\t\t<\/div>\n\t\t\t\t<\/div>\n\t\t\t\t\t<\/div>\n\t\t<\/div>\n\t\t\t\t\t<\/div>\n\t\t<\/section>\n\t\t\t\t<\/div>","protected":false},"excerpt":{"rendered":"<p>VivaSalt Halogenerators When knowledge, experience &amp; heart connect, a\u00a0VivaSalt quality\u00a0is created. For a Home &amp; Professional use.Designed with details in mind! Explore More Info VivaSalt Mediterian Professional halogenerator for rooms up to 15m2. Product Details VivaSalt Comfortable Professional halogenerator for rooms more than 15m2. Product Details VivaSalt Power Portable halogenerator designed for use in rooms [&hellip;]<\/p>\n","protected":false},"author":1,"featured_media":0,"parent":0,"menu_order":0,"comment_status":"closed","ping_status":"closed","template":"","meta":{"_seopress_robots_primary_cat":"","_seopress_titles_title":"Halogenators for Effective Salt Therapy for Home or Business","_seopress_titles_desc":"Check Halogenerator selection for the very best in unique pieces from Vivasalt. We provide Halogenerators for home \r\nand professional use. Visit us now.","_seopress_robots_index":"","footnotes":""},"class_list":["post-10","page","type-page","status-publish","hentry"],"_links":{"self":[{"href":"https:\/\/vivasalt-halogenerator.eu\/hu\/wp-json\/wp\/v2\/pages\/10","targetHints":{"allow":["GET"]}}],"collection":[{"href":"https:\/\/vivasalt-halogenerator.eu\/hu\/wp-json\/wp\/v2\/pages"}],"about":[{"href":"https:\/\/vivasalt-halogenerator.eu\/hu\/wp-json\/wp\/v2\/types\/page"}],"author":[{"embeddable":true,"href":"https:\/\/vivasalt-halogenerator.eu\/hu\/wp-json\/wp\/v2\/users\/1"}],"replies":[{"embeddable":true,"href":"https:\/\/vivasalt-halogenerator.eu\/hu\/wp-json\/wp\/v2\/comments?post=10"}],"version-history":[{"count":387,"href":"https:\/\/vivasalt-halogenerator.eu\/hu\/wp-json\/wp\/v2\/pages\/10\/revisions"}],"predecessor-version":[{"id":2665,"href":"https:\/\/vivasalt-halogenerator.eu\/hu\/wp-json\/wp\/v2\/pages\/10\/revisions\/2665"}],"wp:attachment":[{"href":"https:\/\/vivasalt-halogenerator.eu\/hu\/wp-json\/wp\/v2\/media?parent=10"}],"curies":[{"name":"wp","href":"https:\/\/api.w.org\/{rel}","templated":true}]}}