{"id":3,"date":"2021-02-08T12:45:41","date_gmt":"2021-02-08T12:45:41","guid":{"rendered":"https:\/\/themes.muffingroup.com\/be\/dietitian3\/?page_id=3"},"modified":"2025-01-12T13:32:15","modified_gmt":"2025-01-12T13:32:15","slug":"privacy-policy","status":"publish","type":"page","link":"https:\/\/vivasalt-halogenerator.eu\/hr\/privacy-policy\/","title":{"rendered":"Politika privatnosti"},"content":{"rendered":"<h2 class=\"wp-block-heading\">Politika kola\u010di\u0107a<\/h2>\n\n\n\n<p>Kao \u0161to je uobi\u010dajena praksa kod gotovo svih profesionalnih web stranica, ova stranica koristi kola\u010di\u0107e.<\/p>\n\n\n\n<h4 class=\"wp-block-heading\"><strong>\u0160to su kola\u010di\u0107i<\/strong><\/h4>\n\n\n\n<p>Kola\u010di\u0107i su tekstualne datoteke koje sadr\u017ee male koli\u010dine informacija koje se preuzimaju na va\u0161 ure\u0111aj (telefon, prijenosno ra\u010dunalo ili tablet) kada posjetite web stranicu. Podaci se zatim \u0161alju natrag izvornoj web stranici prilikom svakog sljede\u0107eg posjeta ili drugoj web stranici koja prepoznaje taj kola\u010di\u0107.<\/p>\n\n\n\n<p>Kola\u010di\u0107i obavljaju mnogo razli\u010ditih poslova, poput omogu\u0107avanja vam u\u010dinkovite navigacije izme\u0111u stranica, pam\u0107enja va\u0161ih preferencija i op\u0107enito pobolj\u0161avanja korisni\u010dkog iskustva. Oni tako\u0111er mogu pomo\u0107i da oglasi koje vidite online budu relevantniji za vas i va\u0161e interese i mogu mjeriti koliko ljudi posje\u0107uje web stranicu, kada i kako. Ne mogu vas osobno identificirati.<\/p>\n\n\n\n<p>Za op\u0107enitije informacije o kola\u010di\u0107ima pro\u010ditajte ovo <a href=\"https:\/\/en.wikipedia.org\/wiki\/HTTP_cookie\" target=\"_blank\" rel=\"noreferrer noopener\">\u010dlanak na Wikipediji\u00bb<\/a><\/p>\n\n\n\n<h4 class=\"wp-block-heading\"><strong>Kako koristimo kola\u010di\u0107e i \u010demu oni slu\u017ee<\/strong><\/h4>\n\n\n\n<p>Mo\u017eete se pretplatiti na na\u0161 bilten e-po\u0161tom putem ove stranice, a kola\u010di\u0107i se mogu koristiti kako bi zapamtili jeste li ve\u0107 registrirani i \u017eelite li prikazati odre\u0111ene obavijesti koje mogu biti va\u017ee\u0107e samo za pretpla\u0107ene\/nepretpla\u0107ene korisnike.<\/p>\n\n\n\n<p>Kada po\u0161aljete podatke putem obrasca kao \u0161to su oni koji se nalaze na stranicama za kontakt ili obrascima za komentare, kola\u010di\u0107i se mogu postaviti da zapamte va\u0161e korisni\u010dke podatke za budu\u0107u korespondenciju.<\/p>\n\n\n\n<p>Koristimo brojne kola\u010di\u0107e koje pru\u017ea Google Analytics. Koristimo Google Analytics kako bismo razumjeli kako koristite stranicu i na\u010dine na koje mo\u017eemo pobolj\u0161ati va\u0161e iskustvo. Ovi kola\u010di\u0107i mogu pratiti stvari kao \u0161to su koliko dugo provodite na web mjestu i stranice koje posje\u0107ujete kako bismo mogli nastaviti proizvoditi privla\u010dan sadr\u017eaj. Saznajte vi\u0161e o <a href=\"https:\/\/developers.google.com\/analytics\/devguides\/collection\/analyticsjs\/cookie-usage\" target=\"_blank\" rel=\"noreferrer noopener\">Google Analytics kola\u010di\u0107i\u00bb<\/a><\/p>\n\n\n\n<h4 class=\"wp-block-heading\"><strong>Onemogu\u0107avanje kola\u010di\u0107a<\/strong><\/h4>\n\n\n\n<p>Postavljanje kola\u010di\u0107a mo\u017eete sprije\u010diti pode\u0161avanjem postavki u svom pregledniku (pogledajte pomo\u0107 preglednika kako to u\u010diniti). Imajte na umu da \u0107e onemogu\u0107avanje kola\u010di\u0107a utjecati na funkcionalnost ove i mnogih drugih web stranica koje posje\u0107ujete. Onemogu\u0107avanje kola\u010di\u0107a obi\u010dno \u0107e rezultirati i onemogu\u0107avanjem odre\u0111enih funkcija i zna\u010dajki stranice. Stoga se preporu\u010duje da ne onemogu\u0107ite kola\u010di\u0107e.<\/p>\n\n\n\n<h4 class=\"wp-block-heading\"><strong>Vi\u0161e informacija<\/strong><\/h4>\n\n\n\n<p>Nadamo se da vam je to razjasnilo stvari. Ako postoji ne\u0161to za \u0161to niste sigurni trebate li ili ne, obi\u010dno je sigurnije ostaviti kola\u010di\u0107e uklju\u010denima u slu\u010daju da do\u0111e u interakciju s jednom od zna\u010dajki koje koristite na na\u0161oj stranici.<\/p>\n\n\n\n<p>Ukoliko \u017eelite vi\u0161e informacija mo\u017eete nas kontaktirati putem:<\/p>\n\n\n\n<p>Email: <a>info@vivasalt.eu<\/a><\/p>\n\n\n\n<p>Telefon: +386 69 606 707<\/p>","protected":false},"excerpt":{"rendered":"<p>Cookie policy As is common practice with almost all professional websites this site uses cookies. What are cookies Cookies are text files containing small amounts of information which are downloaded to your device (phone, laptop or tablet) when you visit a website. Data is then sent back to the originating website on each subsequent visit, [&hellip;]<\/p>\n","protected":false},"author":1,"featured_media":0,"parent":0,"menu_order":0,"comment_status":"closed","ping_status":"open","template":"","meta":{"_seopress_robots_primary_cat":"","_seopress_titles_title":"Privacy Policy - VivaSalt","_seopress_titles_desc":"Privacy Policy - VivaSalt Halogenerator","_seopress_robots_index":"","footnotes":""},"class_list":["post-3","page","type-page","status-publish","hentry"],"_links":{"self":[{"href":"https:\/\/vivasalt-halogenerator.eu\/hr\/wp-json\/wp\/v2\/pages\/3","targetHints":{"allow":["GET"]}}],"collection":[{"href":"https:\/\/vivasalt-halogenerator.eu\/hr\/wp-json\/wp\/v2\/pages"}],"about":[{"href":"https:\/\/vivasalt-halogenerator.eu\/hr\/wp-json\/wp\/v2\/types\/page"}],"author":[{"embeddable":true,"href":"https:\/\/vivasalt-halogenerator.eu\/hr\/wp-json\/wp\/v2\/users\/1"}],"replies":[{"embeddable":true,"href":"https:\/\/vivasalt-halogenerator.eu\/hr\/wp-json\/wp\/v2\/comments?post=3"}],"version-history":[{"count":1,"href":"https:\/\/vivasalt-halogenerator.eu\/hr\/wp-json\/wp\/v2\/pages\/3\/revisions"}],"predecessor-version":[{"id":535,"href":"https:\/\/vivasalt-halogenerator.eu\/hr\/wp-json\/wp\/v2\/pages\/3\/revisions\/535"}],"wp:attachment":[{"href":"https:\/\/vivasalt-halogenerator.eu\/hr\/wp-json\/wp\/v2\/media?parent=3"}],"curies":[{"name":"wp","href":"https:\/\/api.w.org\/{rel}","templated":true}]}}