{"id":3,"date":"2021-02-08T12:45:41","date_gmt":"2021-02-08T12:45:41","guid":{"rendered":"https:\/\/themes.muffingroup.com\/be\/dietitian3\/?page_id=3"},"modified":"2025-01-12T13:32:15","modified_gmt":"2025-01-12T13:32:15","slug":"privacy-policy","status":"publish","type":"page","link":"https:\/\/vivasalt-halogenerator.eu\/fr\/privacy-policy\/","title":{"rendered":"Politique de confidentialit\u00e9"},"content":{"rendered":"<h2 class=\"wp-block-heading\">Politique en mati\u00e8re de cookies<\/h2>\n\n\n\n<p>Comme c'est le cas pour presque tous les sites web professionnels, ce site utilise des cookies.<\/p>\n\n\n\n<h4 class=\"wp-block-heading\"><strong>Que sont les cookies ?<\/strong><\/h4>\n\n\n\n<p>Les cookies sont des fichiers texte contenant de petites quantit\u00e9s d'informations qui sont t\u00e9l\u00e9charg\u00e9s sur votre appareil (t\u00e9l\u00e9phone, ordinateur portable ou tablette) lorsque vous visitez un site web. Les donn\u00e9es sont ensuite renvoy\u00e9es au site web d'origine lors de chaque visite ult\u00e9rieure, ou \u00e0 un autre site web qui reconna\u00eet ce cookie.<\/p>\n\n\n\n<p>Les cookies remplissent de nombreuses fonctions diff\u00e9rentes : ils vous permettent de naviguer efficacement d'une page \u00e0 l'autre, m\u00e9morisent vos pr\u00e9f\u00e9rences et am\u00e9liorent g\u00e9n\u00e9ralement l'exp\u00e9rience de l'utilisateur. Ils peuvent \u00e9galement contribuer \u00e0 faire en sorte que les publicit\u00e9s que vous voyez en ligne soient plus pertinentes pour vous et vos int\u00e9r\u00eats, et ils peuvent mesurer le nombre de personnes qui visitent le site web, quand et comment. Ils ne peuvent pas vous identifier personnellement.<\/p>\n\n\n\n<p>Pour des informations plus g\u00e9n\u00e9rales sur les cookies, lisez ceci <a href=\"https:\/\/en.wikipedia.org\/wiki\/HTTP_cookie\" target=\"_blank\" rel=\"noreferrer noopener\">Article de Wikip\u00e9dia\"<\/a><\/p>\n\n\n\n<h4 class=\"wp-block-heading\"><strong>Comment nous utilisons les cookies et ce qu'ils font<\/strong><\/h4>\n\n\n\n<p>Vous pouvez vous abonner \u00e0 notre bulletin d'information \u00e9lectronique via ce site et les cookies peuvent \u00eatre utilis\u00e9s pour se souvenir si vous \u00eates d\u00e9j\u00e0 inscrit et pour afficher certaines notifications qui pourraient n'\u00eatre valables que pour les utilisateurs inscrits\/non inscrits.<\/p>\n\n\n\n<p>Lorsque vous soumettez des donn\u00e9es par le biais d'un formulaire, comme ceux que l'on trouve sur les pages de contact ou les formulaires de commentaires, des cookies peuvent \u00eatre install\u00e9s pour m\u00e9moriser vos coordonn\u00e9es d'utilisateur en vue d'une correspondance ult\u00e9rieure.<\/p>\n\n\n\n<p>Nous utilisons un certain nombre de cookies fournis par Google Analytics. Nous utilisons Google Analytics pour nous aider \u00e0 comprendre comment vous utilisez le site et comment nous pouvons am\u00e9liorer votre exp\u00e9rience. Ces cookies peuvent suivre des \u00e9l\u00e9ments tels que le temps que vous passez sur le site et les pages que vous visitez afin que nous puissions continuer \u00e0 produire un contenu int\u00e9ressant. En savoir plus sur <a href=\"https:\/\/developers.google.com\/analytics\/devguides\/collection\/analyticsjs\/cookie-usage\" target=\"_blank\" rel=\"noreferrer noopener\">Les cookies de Google Analytics\"<\/a><\/p>\n\n\n\n<h4 class=\"wp-block-heading\"><strong>D\u00e9sactiver les cookies<\/strong><\/h4>\n\n\n\n<p>Vous pouvez emp\u00eacher l'installation de cookies en ajustant les param\u00e8tres de votre navigateur (voir l'aide de votre navigateur pour savoir comment proc\u00e9der). Sachez que la d\u00e9sactivation des cookies affectera la fonctionnalit\u00e9 de ce site et de nombreux autres sites web que vous visitez. La d\u00e9sactivation des cookies entra\u00eene g\u00e9n\u00e9ralement la d\u00e9sactivation de certaines fonctionnalit\u00e9s et caract\u00e9ristiques du site. Par cons\u00e9quent, il est recommand\u00e9 de ne pas d\u00e9sactiver les cookies.<\/p>\n\n\n\n<h4 class=\"wp-block-heading\"><strong>Plus d'informations<\/strong><\/h4>\n\n\n\n<p>Nous esp\u00e9rons que cela a clarifi\u00e9 les choses pour vous. Si vous n'\u00eates pas s\u00fbr d'avoir besoin de quelque chose, il est g\u00e9n\u00e9ralement plus s\u00fbr de laisser les cookies activ\u00e9s au cas o\u00f9 ils interagiraient avec l'une des fonctions que vous utilisez sur notre site.<\/p>\n\n\n\n<p>Si vous souhaitez obtenir de plus amples informations, vous pouvez nous contacter via :<\/p>\n\n\n\n<p>Courriel : <a>info@vivasalt.eu<\/a><\/p>\n\n\n\n<p>T\u00e9l\u00e9phone : +386 69 606 707<\/p>","protected":false},"excerpt":{"rendered":"<p>Cookie policy As is common practice with almost all professional websites this site uses cookies. What are cookies Cookies are text files containing small amounts of information which are downloaded to your device (phone, laptop or tablet) when you visit a website. Data is then sent back to the originating website on each subsequent visit, [&hellip;]<\/p>\n","protected":false},"author":1,"featured_media":0,"parent":0,"menu_order":0,"comment_status":"closed","ping_status":"open","template":"","meta":{"_seopress_robots_primary_cat":"","_seopress_titles_title":"Privacy Policy - VivaSalt","_seopress_titles_desc":"Privacy Policy - VivaSalt Halogenerator","_seopress_robots_index":"","footnotes":""},"class_list":["post-3","page","type-page","status-publish","hentry"],"_links":{"self":[{"href":"https:\/\/vivasalt-halogenerator.eu\/fr\/wp-json\/wp\/v2\/pages\/3","targetHints":{"allow":["GET"]}}],"collection":[{"href":"https:\/\/vivasalt-halogenerator.eu\/fr\/wp-json\/wp\/v2\/pages"}],"about":[{"href":"https:\/\/vivasalt-halogenerator.eu\/fr\/wp-json\/wp\/v2\/types\/page"}],"author":[{"embeddable":true,"href":"https:\/\/vivasalt-halogenerator.eu\/fr\/wp-json\/wp\/v2\/users\/1"}],"replies":[{"embeddable":true,"href":"https:\/\/vivasalt-halogenerator.eu\/fr\/wp-json\/wp\/v2\/comments?post=3"}],"version-history":[{"count":1,"href":"https:\/\/vivasalt-halogenerator.eu\/fr\/wp-json\/wp\/v2\/pages\/3\/revisions"}],"predecessor-version":[{"id":535,"href":"https:\/\/vivasalt-halogenerator.eu\/fr\/wp-json\/wp\/v2\/pages\/3\/revisions\/535"}],"wp:attachment":[{"href":"https:\/\/vivasalt-halogenerator.eu\/fr\/wp-json\/wp\/v2\/media?parent=3"}],"curies":[{"name":"wp","href":"https:\/\/api.w.org\/{rel}","templated":true}]}}