{"id":3,"date":"2021-02-08T12:45:41","date_gmt":"2021-02-08T12:45:41","guid":{"rendered":"https:\/\/themes.muffingroup.com\/be\/dietitian3\/?page_id=3"},"modified":"2025-01-12T13:32:15","modified_gmt":"2025-01-12T13:32:15","slug":"privacy-policy","status":"publish","type":"page","link":"https:\/\/vivasalt-halogenerator.eu\/fi\/privacy-policy\/","title":{"rendered":"Tietosuojak\u00e4yt\u00e4nt\u00f6"},"content":{"rendered":"<h2 class=\"wp-block-heading\">Ev\u00e4stek\u00e4yt\u00e4nt\u00f6<\/h2>\n\n\n\n<p>T\u00e4m\u00e4 sivusto k\u00e4ytt\u00e4\u00e4 ev\u00e4steit\u00e4, kuten l\u00e4hes kaikki ammattimaiset verkkosivustot.<\/p>\n\n\n\n<h4 class=\"wp-block-heading\"><strong>Mit\u00e4 ev\u00e4steet ovat<\/strong><\/h4>\n\n\n\n<p>Ev\u00e4steet ovat pieni\u00e4 tietom\u00e4\u00e4ri\u00e4 sis\u00e4lt\u00e4vi\u00e4 tekstitiedostoja, jotka ladataan laitteeseesi (puhelimeen, kannettavaan tietokoneeseen tai tablettiin), kun vierailet verkkosivustolla. Tiedot l\u00e4hetet\u00e4\u00e4n sitten takaisin ev\u00e4steen l\u00e4hett\u00e4neelle verkkosivustolle jokaisella seuraavalla k\u00e4ynnill\u00e4 tai toiselle verkkosivustolle, joka tunnistaa kyseisen ev\u00e4steen.<\/p>\n\n\n\n<p>Ev\u00e4steet hoitavat monia eri teht\u00e4vi\u00e4, kuten auttavat sinua navigoimaan tehokkaasti sivujen v\u00e4lill\u00e4, muistavat asetuksesi ja parantavat yleisesti k\u00e4ytt\u00e4j\u00e4kokemusta. Ev\u00e4steiden avulla voidaan my\u00f6s varmistaa, ett\u00e4 verkossa n\u00e4kyv\u00e4t mainokset vastaavat paremmin sinua ja kiinnostuksen kohteitasi, ja niill\u00e4 voidaan mitata, kuinka monta ihmist\u00e4 k\u00e4y verkkosivustolla, milloin ja miten. Ne eiv\u00e4t voi tunnistaa sinua henkil\u00f6kohtaisesti.<\/p>\n\n\n\n<p>Yleisemp\u00e4\u00e4 tietoa ev\u00e4steist\u00e4 saat t\u00e4st\u00e4 <a href=\"https:\/\/en.wikipedia.org\/wiki\/HTTP_cookie\" target=\"_blank\" rel=\"noreferrer noopener\">Wikipedia-artikkeli\"<\/a><\/p>\n\n\n\n<h4 class=\"wp-block-heading\"><strong>Miten k\u00e4yt\u00e4mme ev\u00e4steit\u00e4 ja mit\u00e4 ne tekev\u00e4t<\/strong><\/h4>\n\n\n\n<p>Voit tilata s\u00e4hk\u00f6postiuutiskirjeemme t\u00e4m\u00e4n sivuston kautta, ja ev\u00e4steit\u00e4 voidaan k\u00e4ytt\u00e4\u00e4 muistamaan, oletko jo rekister\u00f6itynyt, ja n\u00e4ytt\u00e4m\u00e4\u00e4n tiettyj\u00e4 ilmoituksia, jotka voivat olla voimassa vain tilatuille tai tilaamattomille k\u00e4ytt\u00e4jille.<\/p>\n\n\n\n<p>Kun l\u00e4het\u00e4t tietoja lomakkeella, kuten yhteydenottosivuilla tai kommenttilomakkeissa, ev\u00e4steet voidaan asettaa muistamaan k\u00e4ytt\u00e4j\u00e4tietosi tulevaa kirjeenvaihtoa varten.<\/p>\n\n\n\n<p>K\u00e4yt\u00e4mme useita Google Analyticsin tarjoamia ev\u00e4steit\u00e4. K\u00e4yt\u00e4mme Google Analyticsia, jotta voimme ymm\u00e4rt\u00e4\u00e4, miten k\u00e4yt\u00e4t sivustoa ja miten voimme parantaa k\u00e4ytt\u00f6kokemustasi. N\u00e4m\u00e4 ev\u00e4steet voivat seurata esimerkiksi sit\u00e4, kuinka kauan viet\u00e4t aikaa sivustolla ja mill\u00e4 sivuilla vierailet, jotta voimme jatkaa kiinnostavan sis\u00e4ll\u00f6n tuottamista. Lis\u00e4tietoja <a href=\"https:\/\/developers.google.com\/analytics\/devguides\/collection\/analyticsjs\/cookie-usage\" target=\"_blank\" rel=\"noreferrer noopener\">Google Analyticsin ev\u00e4steet\"<\/a><\/p>\n\n\n\n<h4 class=\"wp-block-heading\"><strong>Ev\u00e4steiden poistaminen k\u00e4yt\u00f6st\u00e4<\/strong><\/h4>\n\n\n\n<p>Voit est\u00e4\u00e4 ev\u00e4steiden asettamisen s\u00e4\u00e4t\u00e4m\u00e4ll\u00e4 selaimesi asetuksia (katso selaimesi ohjeesta, miten t\u00e4m\u00e4 tehd\u00e4\u00e4n). Huomaa, ett\u00e4 ev\u00e4steiden poistaminen k\u00e4yt\u00f6st\u00e4 vaikuttaa t\u00e4m\u00e4n ja monien muiden k\u00e4ytt\u00e4miesi verkkosivustojen toimintaan. Ev\u00e4steiden poistaminen k\u00e4yt\u00f6st\u00e4 johtaa yleens\u00e4 my\u00f6s tiettyjen sivuston toimintojen ja ominaisuuksien poistamiseen k\u00e4yt\u00f6st\u00e4. Siksi on suositeltavaa, ett\u00e4 et poista ev\u00e4steit\u00e4 k\u00e4yt\u00f6st\u00e4.<\/p>\n\n\n\n<h4 class=\"wp-block-heading\"><strong>Lis\u00e4tietoja<\/strong><\/h4>\n\n\n\n<p>Toivottavasti t\u00e4m\u00e4 on selvent\u00e4nyt asioita sinulle. Jos et ole varma, tarvitsetko jotain, on yleens\u00e4 turvallisempaa j\u00e4tt\u00e4\u00e4 ev\u00e4steet k\u00e4ytt\u00f6\u00f6n, jos se on vuorovaikutuksessa jonkin sivustomme k\u00e4ytt\u00e4m\u00e4n ominaisuuden kanssa.<\/p>\n\n\n\n<p>Jos haluat lis\u00e4tietoja, voit ottaa meihin yhteytt\u00e4:<\/p>\n\n\n\n<p>S\u00e4hk\u00f6posti: <a>info@vivasalt.eu<\/a><\/p>\n\n\n\n<p>Puhelin: +386 69 606 707<\/p>","protected":false},"excerpt":{"rendered":"<p>Cookie policy As is common practice with almost all professional websites this site uses cookies. What are cookies Cookies are text files containing small amounts of information which are downloaded to your device (phone, laptop or tablet) when you visit a website. Data is then sent back to the originating website on each subsequent visit, [&hellip;]<\/p>\n","protected":false},"author":1,"featured_media":0,"parent":0,"menu_order":0,"comment_status":"closed","ping_status":"open","template":"","meta":{"_seopress_robots_primary_cat":"","_seopress_titles_title":"Privacy Policy - VivaSalt","_seopress_titles_desc":"Privacy Policy - VivaSalt Halogenerator","_seopress_robots_index":"","footnotes":""},"class_list":["post-3","page","type-page","status-publish","hentry"],"_links":{"self":[{"href":"https:\/\/vivasalt-halogenerator.eu\/fi\/wp-json\/wp\/v2\/pages\/3","targetHints":{"allow":["GET"]}}],"collection":[{"href":"https:\/\/vivasalt-halogenerator.eu\/fi\/wp-json\/wp\/v2\/pages"}],"about":[{"href":"https:\/\/vivasalt-halogenerator.eu\/fi\/wp-json\/wp\/v2\/types\/page"}],"author":[{"embeddable":true,"href":"https:\/\/vivasalt-halogenerator.eu\/fi\/wp-json\/wp\/v2\/users\/1"}],"replies":[{"embeddable":true,"href":"https:\/\/vivasalt-halogenerator.eu\/fi\/wp-json\/wp\/v2\/comments?post=3"}],"version-history":[{"count":1,"href":"https:\/\/vivasalt-halogenerator.eu\/fi\/wp-json\/wp\/v2\/pages\/3\/revisions"}],"predecessor-version":[{"id":535,"href":"https:\/\/vivasalt-halogenerator.eu\/fi\/wp-json\/wp\/v2\/pages\/3\/revisions\/535"}],"wp:attachment":[{"href":"https:\/\/vivasalt-halogenerator.eu\/fi\/wp-json\/wp\/v2\/media?parent=3"}],"curies":[{"name":"wp","href":"https:\/\/api.w.org\/{rel}","templated":true}]}}