{"id":10,"date":"2021-02-08T13:10:31","date_gmt":"2021-02-08T13:10:31","guid":{"rendered":"https:\/\/themes.muffingroup.com\/be\/dietitian3\/?page_id=10"},"modified":"2025-01-12T16:20:39","modified_gmt":"2025-01-12T16:20:39","slug":"home","status":"publish","type":"page","link":"https:\/\/vivasalt-halogenerator.eu\/fi\/","title":{"rendered":"Etusivu"},"content":{"rendered":"<div data-elementor-type=\"wp-page\" data-elementor-id=\"10\" class=\"elementor elementor-10\" data-elementor-post-type=\"page\">\n\t\t\t\t\t\t<section class=\"elementor-section elementor-top-section elementor-element elementor-element-89d93ab elementor-section-height-min-height elementor-section-full_width elementor-section-content-middle elementor-section-height-default elementor-section-items-middle\" data-id=\"89d93ab\" data-element_type=\"section\" data-e-type=\"section\" data-settings=\"{&quot;background_background&quot;:&quot;classic&quot;}\">\n\t\t\t\t\t\t<div class=\"elementor-container elementor-column-gap-no\">\n\t\t\t\t\t<div class=\"elementor-column elementor-col-100 elementor-top-column elementor-element elementor-element-2614274\" data-id=\"2614274\" data-element_type=\"column\" data-e-type=\"column\">\n\t\t\t<div class=\"elementor-widget-wrap elementor-element-populated\">\n\t\t\t\t\t\t<div class=\"elementor-element elementor-element-4013c9b elementor-widget elementor-widget-heading\" data-id=\"4013c9b\" data-element_type=\"widget\" data-e-type=\"widget\" data-widget_type=\"heading.default\">\n\t\t\t\t<div class=\"elementor-widget-container\">\n\t\t\t\t\t<h1 class=\"elementor-heading-title elementor-size-default\">VivaSalt <br>\nHalogenointilaitteet<\/h1>\t\t\t\t<\/div>\n\t\t\t\t<\/div>\n\t\t\t\t<div class=\"elementor-element elementor-element-b2a7a0f elementor-widget elementor-widget-text-editor\" data-id=\"b2a7a0f\" data-element_type=\"widget\" data-e-type=\"widget\" data-widget_type=\"text-editor.default\">\n\t\t\t\t<div class=\"elementor-widget-container\">\n\t\t\t\t\t\t\t\t\t<p>Kun tieto, kokemus ja syd\u00e4n yhdistyv\u00e4t, syntyy VivaSalt-laatu. Koti- ja ammattik\u00e4ytt\u00f6\u00f6n.<br \/>Suunniteltu yksityiskohtia ajatellen!<\/p>\t\t\t\t\t\t\t\t<\/div>\n\t\t\t\t<\/div>\n\t\t\t\t<div class=\"elementor-element elementor-element-a3c61eb elementor-widget elementor-widget-button\" data-id=\"a3c61eb\" data-element_type=\"widget\" data-e-type=\"widget\" data-widget_type=\"button.default\">\n\t\t\t\t<div class=\"elementor-widget-container\">\n\t\t\t\t\t\t\t\t\t<div class=\"elementor-button-wrapper\">\n\t\t\t\t\t<a class=\"elementor-button elementor-button-link elementor-size-sm\" href=\"https:\/\/vivasalt-halogenerator.eu\/fi\/halogenerator\/\">\n\t\t\t\t\t\t<span class=\"elementor-button-content-wrapper\">\n\t\t\t\t\t\t\t\t\t<span class=\"elementor-button-text\">Tutustu lis\u00e4tietoihin<\/span>\n\t\t\t\t\t<\/span>\n\t\t\t\t\t<\/a>\n\t\t\t\t<\/div>\n\t\t\t\t\t\t\t\t<\/div>\n\t\t\t\t<\/div>\n\t\t\t\t<section class=\"elementor-section elementor-inner-section elementor-element elementor-element-c247f9a elementor-section-boxed elementor-section-height-default elementor-section-height-default\" data-id=\"c247f9a\" data-element_type=\"section\" data-e-type=\"section\" id=\"product-slider-hero\">\n\t\t\t\t\t\t<div class=\"elementor-container elementor-column-gap-default\">\n\t\t\t\t\t<div class=\"elementor-column elementor-col-100 elementor-inner-column elementor-element elementor-element-da7c005\" data-id=\"da7c005\" data-element_type=\"column\" data-e-type=\"column\">\n\t\t\t<div class=\"elementor-widget-wrap elementor-element-populated\">\n\t\t\t\t\t\t<div class=\"elementor-element elementor-element-87fb3ca elementor-arrows-position-outside slider-hero elementor-widget-tablet__width-initial elementor--h-position-left elementor--v-position-bottom elementor-widget-mobile__width-inherit elementor-widget elementor-widget-slides\" data-id=\"87fb3ca\" data-element_type=\"widget\" data-e-type=\"widget\" data-settings=\"{&quot;navigation&quot;:&quot;arrows&quot;,&quot;autoplay&quot;:&quot;yes&quot;,&quot;pause_on_hover&quot;:&quot;yes&quot;,&quot;pause_on_interaction&quot;:&quot;yes&quot;,&quot;autoplay_speed&quot;:5000,&quot;infinite&quot;:&quot;yes&quot;,&quot;transition&quot;:&quot;slide&quot;,&quot;transition_speed&quot;:500}\" data-widget_type=\"slides.default\">\n\t\t\t\t<div class=\"elementor-widget-container\">\n\t\t\t\t\t\t\t\t\t<div class=\"elementor-swiper\">\n\t\t\t\t\t<div class=\"elementor-slides-wrapper elementor-main-swiper swiper\" role=\"region\" aria-roledescription=\"carousel\" aria-label=\"Slider\" dir=\"ltr\" data-animation=\"\">\n\t\t\t\t<div class=\"swiper-wrapper elementor-slides\">\n\t\t\t\t\t\t\t\t\t\t<div class=\"elementor-repeater-item-85f146e swiper-slide\" role=\"group\" aria-roledescription=\"slide\"><div class=\"swiper-slide-bg\" role=\"img\" aria-label=\"VivaSalt-Halogenerator-Mediteran_1-t\"><\/div><div class=\"swiper-slide-inner\" ><div class=\"swiper-slide-contents\"><h2 class=\"elementor-slide-heading\">VivaSalt Mediterian<\/h2><p class=\"elementor-slide-description\">Ammattik\u00e4ytt\u00f6\u00f6n tarkoitettu halogenointilaite enint\u00e4\u00e4n 15m2 huoneisiin.<\/p><a href=\"https:\/\/vivasalt-halogenerator.eu\/fi\/vivasalt-mediteran\/\" class=\"elementor-button elementor-slide-button elementor-size-sm\">Tuotteen tiedot<\/a><\/div><\/div><\/div><div class=\"elementor-repeater-item-5bd6ecf swiper-slide\" role=\"group\" aria-roledescription=\"slide\"><div class=\"swiper-slide-bg\" role=\"img\" aria-label=\"VivaSalt Comfortable_thumb\"><\/div><div class=\"swiper-slide-inner\" ><div class=\"swiper-slide-contents\"><h2 class=\"elementor-slide-heading\">VivaSalt Comfortable<\/h2><p class=\"elementor-slide-description\">Ammattik\u00e4ytt\u00f6\u00f6n tarkoitettu halogenointilaite yli 15m2 huoneisiin.<\/p><a href=\"https:\/\/vivasalt-halogenerator.eu\/fi\/vivasalt-comfortable\/\" class=\"elementor-button elementor-slide-button elementor-size-sm\">Tuotteen tiedot<\/a><\/div><\/div><\/div><div class=\"elementor-repeater-item-539ce28 swiper-slide\" role=\"group\" aria-roledescription=\"slide\"><div class=\"swiper-slide-bg\" role=\"img\" aria-label=\"VivaSalt Power_thumb\"><\/div><div class=\"swiper-slide-inner\" ><div class=\"swiper-slide-contents\"><h2 class=\"elementor-slide-heading\">VivaSalt Power<\/h2><p class=\"elementor-slide-description\">Kannettava halogenointilaite, joka on suunniteltu k\u00e4ytett\u00e4v\u00e4ksi enint\u00e4\u00e4n 10 m2:n tiloissa.<\/p><a href=\"https:\/\/vivasalt-halogenerator.eu\/fi\/vivasalt-power\/\" class=\"elementor-button elementor-slide-button elementor-size-sm\">Tuotteen tiedot<\/a><\/div><\/div><\/div><div class=\"elementor-repeater-item-d819e9b swiper-slide\" role=\"group\" aria-roledescription=\"slide\"><div class=\"swiper-slide-bg\" role=\"img\" aria-label=\"VivaSalt Lux_thumb\"><\/div><div class=\"swiper-slide-inner\" ><div class=\"swiper-slide-contents\"><h2 class=\"elementor-slide-heading\">VivaSalt Lux<\/h2><p class=\"elementor-slide-description\">Kannettava halogenointilaite, joka on suunniteltu k\u00e4ytett\u00e4v\u00e4ksi yli 10 m2:n tiloissa.<\/p><a href=\"https:\/\/vivasalt-halogenerator.eu\/fi\/vivasalt-lux\/\" class=\"elementor-button elementor-slide-button elementor-size-sm\">Tuotteen tiedot<\/a><\/div><\/div><\/div><div class=\"elementor-repeater-item-c9d15c4 swiper-slide\" role=\"group\" aria-roledescription=\"slide\"><div class=\"swiper-slide-bg\" role=\"img\" aria-label=\"VivaSalt 12h_thumb\"><\/div><div class=\"swiper-slide-inner\" ><div class=\"swiper-slide-contents\"><h2 class=\"elementor-slide-heading\">VivaSalt 12H<\/h2><p class=\"elementor-slide-description\">Ainutlaatuinen ratkaisu markkinoilla, toimii jatkuvasti 12 tunnin ajan ilman suolan lis\u00e4\u00e4mist\u00e4.<\/p><a href=\"https:\/\/vivasalt-halogenerator.eu\/fi\/vivasalt-12h\/\" class=\"elementor-button elementor-slide-button elementor-size-sm\">Tuotteen tiedot<\/a><\/div><\/div><\/div><div class=\"elementor-repeater-item-bc40e3f swiper-slide\" role=\"group\" aria-roledescription=\"slide\"><div class=\"swiper-slide-bg\" role=\"img\" aria-label=\"VivaSalt Family_thumb\"><\/div><div class=\"swiper-slide-inner\" ><div class=\"swiper-slide-contents\"><h2 class=\"elementor-slide-heading\">VivaSalt Family<\/h2><p class=\"elementor-slide-description\">Kannettava halogeneraattori kotik\u00e4ytt\u00f6\u00f6n.<\/p><a href=\"https:\/\/vivasalt-halogenerator.eu\/fi\/vivasalt-family\/\" class=\"elementor-button elementor-slide-button elementor-size-sm\">Tuotteen tiedot<\/a><\/div><\/div><\/div><div class=\"elementor-repeater-item-ced1351 swiper-slide\" role=\"group\" aria-roledescription=\"slide\"><div class=\"swiper-slide-bg\" role=\"img\" aria-label=\"VivaSalt Animal_thumb\"><\/div><div class=\"swiper-slide-inner\" ><div class=\"swiper-slide-contents\"><h2 class=\"elementor-slide-heading\">VivaSalt Animal<\/h2><p class=\"elementor-slide-description\">Sein\u00e4asennettava Animal-halogenointilaite.<\/p><a href=\"https:\/\/vivasalt-halogenerator.eu\/fi\/vivasalt-animal\/\" class=\"elementor-button elementor-slide-button elementor-size-sm\">Tuotteen tiedot<\/a><\/div><\/div><\/div><div class=\"elementor-repeater-item-0909044 swiper-slide\" role=\"group\" aria-roledescription=\"slide\"><div class=\"swiper-slide-bg\" role=\"img\" aria-label=\"VivaSalt AnmalPortable_thumb\"><\/div><div class=\"swiper-slide-inner\" ><div class=\"swiper-slide-contents\"><h2 class=\"elementor-slide-heading\">VivaSalt Animal Portable<\/h2><p class=\"elementor-slide-description\">Kannettava Animal-halogenointilaite.<\/p><a href=\"https:\/\/vivasalt-halogenerator.eu\/fi\/vivasalt-animal-mobile\/\" class=\"elementor-button elementor-slide-button elementor-size-sm\">Tuotteen tiedot<\/a><\/div><\/div><\/div><div class=\"elementor-repeater-item-0661e01 swiper-slide\" role=\"group\" aria-roledescription=\"slide\"><div class=\"swiper-slide-bg\" role=\"img\" aria-label=\"VivaSAlt SPA Qube_thumb\"><\/div><div class=\"swiper-slide-inner\" ><div class=\"swiper-slide-contents\"><h2 class=\"elementor-slide-heading\">VivaSalt SPA Qube<\/h2><p class=\"elementor-slide-description\">Wellness- ja kylpyl\u00e4keskuksissa k\u00e4ytett\u00e4v\u00e4ksi suunniteltu halogeneraattori.<\/p><a href=\"https:\/\/vivasalt-halogenerator.eu\/fi\/vivasalt-spa-qube\/\" class=\"elementor-button elementor-slide-button elementor-size-sm\">Tuotteen tiedot<\/a><\/div><\/div><\/div>\t\t\t\t<\/div>\n\t\t\t\t\t\t\t\t\t\t\t\t\t\t\t<div class=\"elementor-swiper-button elementor-swiper-button-prev\" role=\"button\" tabindex=\"0\" aria-label=\"Edellinen dia\">\n\t\t\t\t\t\t\t<i aria-hidden=\"true\" class=\"eicon-chevron-left\"><\/i>\t\t\t\t\t\t<\/div>\n\t\t\t\t\t\t<div class=\"elementor-swiper-button elementor-swiper-button-next\" role=\"button\" tabindex=\"0\" aria-label=\"Seuraava dia\">\n\t\t\t\t\t\t\t<i aria-hidden=\"true\" class=\"eicon-chevron-right\"><\/i>\t\t\t\t\t\t<\/div>\n\t\t\t\t\t\t\t\t\t\t\t\t\t\t\t\t\t<\/div>\n\t\t\t\t<\/div>\n\t\t\t\t\t\t\t\t<\/div>\n\t\t\t\t<\/div>\n\t\t\t\t\t<\/div>\n\t\t<\/div>\n\t\t\t\t\t<\/div>\n\t\t<\/section>\n\t\t\t\t\t<\/div>\n\t\t<\/div>\n\t\t\t\t\t<\/div>\n\t\t<\/section>\n\t\t\t\t<section class=\"elementor-section elementor-top-section elementor-element elementor-element-dc0f770 elementor-section-full_width elementor-reverse-tablet elementor-reverse-mobile sm-padding-left elementor-section-height-default elementor-section-height-default\" data-id=\"dc0f770\" data-element_type=\"section\" data-e-type=\"section\" data-settings=\"{&quot;background_background&quot;:&quot;classic&quot;}\">\n\t\t\t\t\t\t<div class=\"elementor-container elementor-column-gap-custom\">\n\t\t\t\t\t<div class=\"elementor-column elementor-col-50 elementor-top-column elementor-element elementor-element-650950d\" data-id=\"650950d\" data-element_type=\"column\" data-e-type=\"column\">\n\t\t\t<div class=\"elementor-widget-wrap elementor-element-populated\">\n\t\t\t\t\t\t<div class=\"elementor-element elementor-element-21fc40e elementor-widget elementor-widget-image\" data-id=\"21fc40e\" data-element_type=\"widget\" data-e-type=\"widget\" data-widget_type=\"image.default\">\n\t\t\t\t<div class=\"elementor-widget-container\">\n\t\t\t\t\t\t\t\t\t\t\t\t\t\t\t<img fetchpriority=\"high\" decoding=\"async\" width=\"680\" height=\"465\" src=\"https:\/\/vivasalt-halogenerator.eu\/wp-content\/uploads\/2025\/01\/100-0U2A1103-1.png\" class=\"attachment-large size-large wp-image-1182\" alt=\"\" srcset=\"https:\/\/vivasalt-halogenerator.eu\/wp-content\/uploads\/2025\/01\/100-0U2A1103-1.png 680w, https:\/\/vivasalt-halogenerator.eu\/wp-content\/uploads\/2025\/01\/100-0U2A1103-1-300x205.png 300w, https:\/\/vivasalt-halogenerator.eu\/wp-content\/uploads\/2025\/01\/100-0U2A1103-1-18x12.png 18w\" sizes=\"(max-width: 680px) 100vw, 680px\" \/>\t\t\t\t\t\t\t\t\t\t\t\t\t\t\t<\/div>\n\t\t\t\t<\/div>\n\t\t\t\t\t<\/div>\n\t\t<\/div>\n\t\t\t\t<div class=\"elementor-column elementor-col-50 elementor-top-column elementor-element elementor-element-5d31cdc\" data-id=\"5d31cdc\" data-element_type=\"column\" data-e-type=\"column\">\n\t\t\t<div class=\"elementor-widget-wrap elementor-element-populated\">\n\t\t\t\t\t\t<div class=\"elementor-element elementor-element-aaf01a9 elementor-widget elementor-widget-text-editor\" data-id=\"aaf01a9\" data-element_type=\"widget\" data-e-type=\"widget\" data-widget_type=\"text-editor.default\">\n\t\t\t\t<div class=\"elementor-widget-container\">\n\t\t\t\t\t\t\t\t\t<h2 class=\"box-header animation-slide slide\">Tervetuloa VIVA SALTiin<\/h2><div class=\"wpb_text_column wpb_content_element no-margin description\"><div class=\"wpb_wrapper\"><p>Kun tiet\u00e4mys, kokemus ja syd\u00e4n yhdistyv\u00e4t, syntyy VIVA SALT -laatu.<\/p><p>Tarjoamme korkealaatuisia ratkaisuja suolahuoneisiin ja haloterapiaan. Meille on ominaista suolahuoneiden poikkeuksellinen laatu ja suunnittelu, k\u00e4yt\u00e4mme CE-sertifioitua suolan sidosaineita ja olemme kehitt\u00e4neet 15 vuoden kokemuksemme tuloksena pysyv\u00e4sti kest\u00e4vi\u00e4 halogeenilaitteita.<\/p><\/div><\/div>\t\t\t\t\t\t\t\t<\/div>\n\t\t\t\t<\/div>\n\t\t\t\t\t<\/div>\n\t\t<\/div>\n\t\t\t\t\t<\/div>\n\t\t<\/section>\n\t\t\t\t<section class=\"elementor-section elementor-top-section elementor-element elementor-element-c509c2f elementor-section-full_width elementor-section-height-default elementor-section-height-default\" data-id=\"c509c2f\" data-element_type=\"section\" data-e-type=\"section\" data-settings=\"{&quot;background_background&quot;:&quot;classic&quot;}\">\n\t\t\t\t\t\t<div class=\"elementor-container elementor-column-gap-default\">\n\t\t\t\t\t<div class=\"elementor-column elementor-col-100 elementor-top-column elementor-element elementor-element-3966ff6\" data-id=\"3966ff6\" data-element_type=\"column\" data-e-type=\"column\">\n\t\t\t<div class=\"elementor-widget-wrap elementor-element-populated\">\n\t\t\t\t\t\t<div class=\"elementor-element elementor-element-d273c30 elementor-widget-tablet__width-initial elementor-widget elementor-widget-heading\" data-id=\"d273c30\" data-element_type=\"widget\" data-e-type=\"widget\" data-widget_type=\"heading.default\">\n\t\t\t\t<div class=\"elementor-widget-container\">\n\t\t\t\t\t<h2 class=\"elementor-heading-title elementor-size-default\">Osta VivaSalt\nHalogenerator<\/h2>\t\t\t\t<\/div>\n\t\t\t\t<\/div>\n\t\t\t\t<div class=\"elementor-element elementor-element-57025d7 elementor-widget elementor-widget-text-editor\" data-id=\"57025d7\" data-element_type=\"widget\" data-e-type=\"widget\" data-widget_type=\"text-editor.default\">\n\t\t\t\t<div class=\"elementor-widget-container\">\n\t\t\t\t\t\t\t\t\t<p>Kun tieto, kokemus ja syd\u00e4n yhdistyv\u00e4t, syntyy VivaSalt-laatu. Koti- ja ammattik\u00e4ytt\u00f6\u00f6n.<br \/>Suunniteltu yksityiskohtia ajatellen!\u00a0<\/p>\t\t\t\t\t\t\t\t<\/div>\n\t\t\t\t<\/div>\n\t\t\t\t<div class=\"elementor-element elementor-element-1694e12 elementor-widget elementor-widget-button\" data-id=\"1694e12\" data-element_type=\"widget\" data-e-type=\"widget\" data-widget_type=\"button.default\">\n\t\t\t\t<div class=\"elementor-widget-container\">\n\t\t\t\t\t\t\t\t\t<div class=\"elementor-button-wrapper\">\n\t\t\t\t\t<a class=\"elementor-button elementor-button-link elementor-size-sm\" href=\"https:\/\/vivasalt-halogenerator.eu\/fi\/halogenerator\/\">\n\t\t\t\t\t\t<span class=\"elementor-button-content-wrapper\">\n\t\t\t\t\t\t\t\t\t<span class=\"elementor-button-text\">Osta omasi nyt<\/span>\n\t\t\t\t\t<\/span>\n\t\t\t\t\t<\/a>\n\t\t\t\t<\/div>\n\t\t\t\t\t\t\t\t<\/div>\n\t\t\t\t<\/div>\n\t\t\t\t\t<\/div>\n\t\t<\/div>\n\t\t\t\t\t<\/div>\n\t\t<\/section>\n\t\t\t\t<section class=\"elementor-section elementor-top-section elementor-element elementor-element-2a1cb21 elementor-section-boxed elementor-section-height-default elementor-section-height-default\" data-id=\"2a1cb21\" data-element_type=\"section\" data-e-type=\"section\" data-settings=\"{&quot;background_background&quot;:&quot;classic&quot;}\">\n\t\t\t\t\t\t<div class=\"elementor-container elementor-column-gap-default\">\n\t\t\t\t\t<div class=\"elementor-column elementor-col-100 elementor-top-column elementor-element elementor-element-0b7201e\" data-id=\"0b7201e\" data-element_type=\"column\" data-e-type=\"column\" data-settings=\"{&quot;background_background&quot;:&quot;classic&quot;}\">\n\t\t\t<div class=\"elementor-widget-wrap elementor-element-populated\">\n\t\t\t\t\t\t<div class=\"elementor-element elementor-element-40b1cce testimonial elementor-testimonial--skin-default elementor-testimonial--layout-image_inline elementor-testimonial--align-center elementor-arrows-yes elementor-widget elementor-widget-testimonial-carousel\" data-id=\"40b1cce\" data-element_type=\"widget\" data-e-type=\"widget\" data-settings=\"{&quot;show_arrows&quot;:&quot;yes&quot;,&quot;speed&quot;:500,&quot;autoplay&quot;:&quot;yes&quot;,&quot;autoplay_speed&quot;:5000,&quot;loop&quot;:&quot;yes&quot;,&quot;pause_on_hover&quot;:&quot;yes&quot;,&quot;pause_on_interaction&quot;:&quot;yes&quot;,&quot;space_between&quot;:{&quot;unit&quot;:&quot;px&quot;,&quot;size&quot;:10,&quot;sizes&quot;:[]},&quot;space_between_tablet&quot;:{&quot;unit&quot;:&quot;px&quot;,&quot;size&quot;:10,&quot;sizes&quot;:[]},&quot;space_between_mobile&quot;:{&quot;unit&quot;:&quot;px&quot;,&quot;size&quot;:10,&quot;sizes&quot;:[]}}\" data-widget_type=\"testimonial-carousel.default\">\n\t\t\t\t<div class=\"elementor-widget-container\">\n\t\t\t\t\t\t\t\t\t<div class=\"elementor-swiper\">\n\t\t\t\t\t<div class=\"elementor-main-swiper swiper\" role=\"region\" aria-roledescription=\"carousel\" aria-label=\"Slider\">\n\t\t\t\t<div class=\"swiper-wrapper\">\n\t\t\t\t\t\t\t\t\t\t\t<div class=\"swiper-slide\" role=\"group\" aria-roledescription=\"slide\">\n\t\t\t\t\t\t\t\t\t<div class=\"elementor-testimonial\">\n\t\t\t\t\t\t\t<div class=\"elementor-testimonial__content\">\n\t\t\t\t\t<div class=\"elementor-testimonial__text\">\n\t\t\t\t\t\tHalogenisaattoreilla luomme hallitun pitoisuuden aerosolia, jota syntyy luonnossa meress\u00e4. 30 minuuttia suolahuoneessa on sama kuin olisi 4 p\u00e4iv\u00e4\u00e4 merell\u00e4.\t\t\t\t\t<\/div>\n\t\t\t\t\t\t\t\t\t<\/div>\n\t\t\t\t\t\t<div class=\"elementor-testimonial__footer\">\n\t\t\t\t\t\t\t\t\t\t\t<\/div>\n\t\t<\/div>\n\t\t\t\t\t\t\t\t<\/div>\n\t\t\t\t\t\t\t\t\t\t\t<div class=\"swiper-slide\" role=\"group\" aria-roledescription=\"slide\">\n\t\t\t\t\t\t\t\t\t<div class=\"elementor-testimonial\">\n\t\t\t\t\t\t\t<div class=\"elementor-testimonial__content\">\n\t\t\t\t\t<div class=\"elementor-testimonial__text\">\n\t\t\t\t\t\tSuosittelen l\u00e4mpim\u00e4sti halogeneraattoria aikuiselle tai lapselle, joka k\u00e4rsii astmasta. Joka talvi tai koulun alkaessa tytt\u00e4reni poimii kaikki p\u00f6p\u00f6t ja on jatkuvasti antibiooteilla steroideilla ja sumuttimella astmansa vuoksi.\t\t\t\t\t<\/div>\n\t\t\t\t\t\t\t\t\t<\/div>\n\t\t\t\t\t\t<div class=\"elementor-testimonial__footer\">\n\t\t\t\t\t\t\t\t\t\t\t<\/div>\n\t\t<\/div>\n\t\t\t\t\t\t\t\t<\/div>\n\t\t\t\t\t\t\t\t\t\t\t<div class=\"swiper-slide\" role=\"group\" aria-roledescription=\"slide\">\n\t\t\t\t\t\t\t\t\t<div class=\"elementor-testimonial\">\n\t\t\t\t\t\t\t<div class=\"elementor-testimonial__content\">\n\t\t\t\t\t<div class=\"elementor-testimonial__text\">\n\t\t\t\t\t\tSuosittelen l\u00e4mpim\u00e4sti! K\u00e4vin t\u00e4n\u00e4\u00e4n ensimm\u00e4isell\u00e4 istunnolla ja hengitykseni on jo nyt paljon parempi. Minulla on jatkuvasti poskiontelo- ja rintatulehduksia. Antibiootit, steroidit jne. eiv\u00e4t en\u00e4\u00e4 tehoa, joten kokeilin suolahuoneita. Tulen ehdottomasti takaisin.\t\t\t\t\t<\/div>\n\t\t\t\t\t\t\t\t\t<\/div>\n\t\t\t\t\t\t<div class=\"elementor-testimonial__footer\">\n\t\t\t\t\t\t\t\t\t\t\t<\/div>\n\t\t<\/div>\n\t\t\t\t\t\t\t\t<\/div>\n\t\t\t\t\t\t\t\t\t\t\t<div class=\"swiper-slide\" role=\"group\" aria-roledescription=\"slide\">\n\t\t\t\t\t\t\t\t\t<div class=\"elementor-testimonial\">\n\t\t\t\t\t\t\t<div class=\"elementor-testimonial__content\">\n\t\t\t\t\t<div class=\"elementor-testimonial__text\">\n\t\t\t\t\t\tToin nelivuotiaan poikani t\u00e4nne t\u00e4n\u00e4\u00e4n, kun h\u00e4n oli y\u00f6t\u00e4 p\u00e4iv\u00e4\u00e4 jatkuvasti yskinyt. Sanoin, ett\u00e4 kokeilisin suolahuonetta tavanomaisten steroidien sijaan, joita olisi m\u00e4\u00e4r\u00e4tty. H\u00e4n oli aivan uusi lapsi sen j\u00e4lkeen tuskin yskii ja nukkuu nyt sike\u00e4sti.\t\t\t\t\t<\/div>\n\t\t\t\t\t\t\t\t\t<\/div>\n\t\t\t\t\t\t<div class=\"elementor-testimonial__footer\">\n\t\t\t\t\t\t\t\t\t\t\t<\/div>\n\t\t<\/div>\n\t\t\t\t\t\t\t\t<\/div>\n\t\t\t\t\t\t\t\t\t\t\t<div class=\"swiper-slide\" role=\"group\" aria-roledescription=\"slide\">\n\t\t\t\t\t\t\t\t\t<div class=\"elementor-testimonial\">\n\t\t\t\t\t\t\t<div class=\"elementor-testimonial__content\">\n\t\t\t\t\t<div class=\"elementor-testimonial__text\">\n\t\t\t\t\t\tKolmen VivaSalt Power -hoitokerran j\u00e4lkeen h\u00e4nen ysk\u00e4ns\u00e4 on poissa. Steroideja ei tarvittu. Olen niin iloinen voidessani kokeilla vaihtoehtoisia ja turvallisia menetelmi\u00e4 poikani astman auttamiseksi. Teemme mit\u00e4 tahansa auttaaksemme pikkuisiamme.\t\t\t\t\t<\/div>\n\t\t\t\t\t\t\t\t\t<\/div>\n\t\t\t\t\t\t<div class=\"elementor-testimonial__footer\">\n\t\t\t\t\t\t\t\t\t\t\t<\/div>\n\t\t<\/div>\n\t\t\t\t\t\t\t\t<\/div>\n\t\t\t\t\t\t\t\t\t<\/div>\n\t\t\t\t\t\t\t\t\t\t\t\t\t\t\t<div class=\"elementor-swiper-button elementor-swiper-button-prev\" role=\"button\" tabindex=\"0\" aria-label=\"\u041f\u0440\u0435\u0434\u044b\u0434\u0443\u0449\u0430\u044f\" data-no-translation-aria-label=\"\">\n\t\t\t\t\t\t\t<i aria-hidden=\"true\" class=\"eicon-chevron-left\"><\/i>\t\t\t\t\t\t<\/div>\n\t\t\t\t\t\t<div class=\"elementor-swiper-button elementor-swiper-button-next\" role=\"button\" tabindex=\"0\" aria-label=\"\u0421\u043b\u0435\u0434\u0443\u044e\u0449\u0430\u044f\" data-no-translation-aria-label=\"\">\n\t\t\t\t\t\t\t<i aria-hidden=\"true\" class=\"eicon-chevron-right\"><\/i>\t\t\t\t\t\t<\/div>\n\t\t\t\t\t\t\t\t\t\t\t\t\t\t\t\t\t<\/div>\n\t\t\t\t<\/div>\n\t\t\t\t\t\t\t\t<\/div>\n\t\t\t\t<\/div>\n\t\t\t\t\t<\/div>\n\t\t<\/div>\n\t\t\t\t\t<\/div>\n\t\t<\/section>\n\t\t\t\t<\/div>","protected":false},"excerpt":{"rendered":"<p>VivaSalt Halogenerators When knowledge, experience &amp; heart connect, a\u00a0VivaSalt quality\u00a0is created. For a Home &amp; Professional use.Designed with details in mind! Explore More Info VivaSalt Mediterian Professional halogenerator for rooms up to 15m2. Product Details VivaSalt Comfortable Professional halogenerator for rooms more than 15m2. Product Details VivaSalt Power Portable halogenerator designed for use in rooms [&hellip;]<\/p>\n","protected":false},"author":1,"featured_media":0,"parent":0,"menu_order":0,"comment_status":"closed","ping_status":"closed","template":"","meta":{"_seopress_robots_primary_cat":"","_seopress_titles_title":"Halogenators for Effective Salt Therapy for Home or Business","_seopress_titles_desc":"Check Halogenerator selection for the very best in unique pieces from Vivasalt. We provide Halogenerators for home \r\nand professional use. Visit us now.","_seopress_robots_index":"","footnotes":""},"class_list":["post-10","page","type-page","status-publish","hentry"],"_links":{"self":[{"href":"https:\/\/vivasalt-halogenerator.eu\/fi\/wp-json\/wp\/v2\/pages\/10","targetHints":{"allow":["GET"]}}],"collection":[{"href":"https:\/\/vivasalt-halogenerator.eu\/fi\/wp-json\/wp\/v2\/pages"}],"about":[{"href":"https:\/\/vivasalt-halogenerator.eu\/fi\/wp-json\/wp\/v2\/types\/page"}],"author":[{"embeddable":true,"href":"https:\/\/vivasalt-halogenerator.eu\/fi\/wp-json\/wp\/v2\/users\/1"}],"replies":[{"embeddable":true,"href":"https:\/\/vivasalt-halogenerator.eu\/fi\/wp-json\/wp\/v2\/comments?post=10"}],"version-history":[{"count":387,"href":"https:\/\/vivasalt-halogenerator.eu\/fi\/wp-json\/wp\/v2\/pages\/10\/revisions"}],"predecessor-version":[{"id":2665,"href":"https:\/\/vivasalt-halogenerator.eu\/fi\/wp-json\/wp\/v2\/pages\/10\/revisions\/2665"}],"wp:attachment":[{"href":"https:\/\/vivasalt-halogenerator.eu\/fi\/wp-json\/wp\/v2\/media?parent=10"}],"curies":[{"name":"wp","href":"https:\/\/api.w.org\/{rel}","templated":true}]}}