{"id":3,"date":"2021-02-08T12:45:41","date_gmt":"2021-02-08T12:45:41","guid":{"rendered":"https:\/\/themes.muffingroup.com\/be\/dietitian3\/?page_id=3"},"modified":"2025-01-12T13:32:15","modified_gmt":"2025-01-12T13:32:15","slug":"privacy-policy","status":"publish","type":"page","link":"https:\/\/vivasalt-halogenerator.eu\/es\/privacy-policy\/","title":{"rendered":"Pol\u00edtica de privacidad"},"content":{"rendered":"<h2 class=\"wp-block-heading\">Pol\u00edtica de cookies<\/h2>\n\n\n\n<p>Como es habitual en casi todos los sitios web profesionales, este sitio utiliza cookies.<\/p>\n\n\n\n<h4 class=\"wp-block-heading\"><strong>Qu\u00e9 son las cookies<\/strong><\/h4>\n\n\n\n<p>Las cookies son archivos de texto que contienen peque\u00f1as cantidades de informaci\u00f3n que se descargan en su dispositivo (tel\u00e9fono, port\u00e1til o tableta) cuando visita un sitio web. Los datos se devuelven al sitio web de origen en cada visita posterior, o a otro sitio web que reconozca esa cookie.<\/p>\n\n\n\n<p>Las cookies realizan muchas tareas diferentes, como permitirle navegar entre p\u00e1ginas de forma eficiente, recordar sus preferencias y, en general, mejorar la experiencia del usuario. Tambi\u00e9n pueden ayudar a garantizar que los anuncios que ve en l\u00ednea sean m\u00e1s relevantes para usted y sus intereses y pueden medir cu\u00e1ntas personas visitan el sitio web, cu\u00e1ndo y c\u00f3mo. No pueden identificarle personalmente.<\/p>\n\n\n\n<p>Para m\u00e1s informaci\u00f3n general sobre las cookies, lea esto <a href=\"https:\/\/en.wikipedia.org\/wiki\/HTTP_cookie\" target=\"_blank\" rel=\"noreferrer noopener\">Art\u00edculo de Wikipedia\"<\/a><\/p>\n\n\n\n<h4 class=\"wp-block-heading\"><strong>C\u00f3mo utilizamos las cookies y para qu\u00e9 sirven<\/strong><\/h4>\n\n\n\n<p>Puede suscribirse a nuestro bolet\u00edn de noticias por correo electr\u00f3nico a trav\u00e9s de este sitio y las cookies pueden utilizarse para recordar si ya est\u00e1 registrado y para mostrar ciertas notificaciones que podr\u00edan ser v\u00e1lidas s\u00f3lo para los usuarios suscritos\/no suscritos.<\/p>\n\n\n\n<p>Cuando usted env\u00eda datos a trav\u00e9s de un formulario, como los que se encuentran en las p\u00e1ginas de contacto o en los formularios de comentarios, se pueden instalar cookies para recordar sus datos de usuario para futuras correspondencias.<\/p>\n\n\n\n<p>Utilizamos una serie de cookies proporcionadas por Google Analytics. Utilizamos Google Analytics para ayudarnos a entender c\u00f3mo utiliza el sitio y c\u00f3mo podemos mejorar su experiencia. Estas cookies pueden rastrear cosas como el tiempo que pasa en el sitio y las p\u00e1ginas que visita para que podamos seguir produciendo contenido atractivo. M\u00e1s informaci\u00f3n sobre <a href=\"https:\/\/developers.google.com\/analytics\/devguides\/collection\/analyticsjs\/cookie-usage\" target=\"_blank\" rel=\"noreferrer noopener\">Cookies de Google Analytics\"<\/a><\/p>\n\n\n\n<h4 class=\"wp-block-heading\"><strong>Desactivar las cookies<\/strong><\/h4>\n\n\n\n<p>Puede evitar la instalaci\u00f3n de cookies ajustando la configuraci\u00f3n de su navegador (consulte la ayuda de su navegador para saber c\u00f3mo hacerlo). Tenga en cuenta que la desactivaci\u00f3n de las cookies afectar\u00e1 a la funcionalidad de \u00e9ste y de muchos otros sitios web que visite. Desactivar las cookies suele implicar tambi\u00e9n la desactivaci\u00f3n de ciertas funciones y caracter\u00edsticas del sitio. Por lo tanto, se recomienda que no desactive las cookies.<\/p>\n\n\n\n<h4 class=\"wp-block-heading\"><strong>M\u00e1s informaci\u00f3n<\/strong><\/h4>\n\n\n\n<p>Espero que esto le haya aclarado las cosas. Si hay algo que no est\u00e1 seguro de necesitar o no, suele ser m\u00e1s seguro dejar las cookies activadas por si interact\u00faan con alguna de las funciones que utiliza en nuestro sitio.<\/p>\n\n\n\n<p>Si desea m\u00e1s informaci\u00f3n, puede ponerse en contacto con nosotros a trav\u00e9s de<\/p>\n\n\n\n<p>Correo electr\u00f3nico: <a>info@vivasalt.eu<\/a><\/p>\n\n\n\n<p>Tel\u00e9fono: +386 69 606 707<\/p>","protected":false},"excerpt":{"rendered":"<p>Cookie policy As is common practice with almost all professional websites this site uses cookies. What are cookies Cookies are text files containing small amounts of information which are downloaded to your device (phone, laptop or tablet) when you visit a website. Data is then sent back to the originating website on each subsequent visit, [&hellip;]<\/p>\n","protected":false},"author":1,"featured_media":0,"parent":0,"menu_order":0,"comment_status":"closed","ping_status":"open","template":"","meta":{"_seopress_robots_primary_cat":"","_seopress_titles_title":"Privacy Policy - VivaSalt","_seopress_titles_desc":"Privacy Policy - VivaSalt Halogenerator","_seopress_robots_index":"","footnotes":""},"class_list":["post-3","page","type-page","status-publish","hentry"],"_links":{"self":[{"href":"https:\/\/vivasalt-halogenerator.eu\/es\/wp-json\/wp\/v2\/pages\/3","targetHints":{"allow":["GET"]}}],"collection":[{"href":"https:\/\/vivasalt-halogenerator.eu\/es\/wp-json\/wp\/v2\/pages"}],"about":[{"href":"https:\/\/vivasalt-halogenerator.eu\/es\/wp-json\/wp\/v2\/types\/page"}],"author":[{"embeddable":true,"href":"https:\/\/vivasalt-halogenerator.eu\/es\/wp-json\/wp\/v2\/users\/1"}],"replies":[{"embeddable":true,"href":"https:\/\/vivasalt-halogenerator.eu\/es\/wp-json\/wp\/v2\/comments?post=3"}],"version-history":[{"count":1,"href":"https:\/\/vivasalt-halogenerator.eu\/es\/wp-json\/wp\/v2\/pages\/3\/revisions"}],"predecessor-version":[{"id":535,"href":"https:\/\/vivasalt-halogenerator.eu\/es\/wp-json\/wp\/v2\/pages\/3\/revisions\/535"}],"wp:attachment":[{"href":"https:\/\/vivasalt-halogenerator.eu\/es\/wp-json\/wp\/v2\/media?parent=3"}],"curies":[{"name":"wp","href":"https:\/\/api.w.org\/{rel}","templated":true}]}}