{"id":3,"date":"2021-02-08T12:45:41","date_gmt":"2021-02-08T12:45:41","guid":{"rendered":"https:\/\/themes.muffingroup.com\/be\/dietitian3\/?page_id=3"},"modified":"2025-01-12T13:32:15","modified_gmt":"2025-01-12T13:32:15","slug":"privacy-policy","status":"publish","type":"page","link":"https:\/\/vivasalt-halogenerator.eu\/de\/privacy-policy\/","title":{"rendered":"Datenschutzbestimmungen"},"content":{"rendered":"<h2 class=\"wp-block-heading\">Cookie-Politik<\/h2>\n\n\n\n<p>Wie bei fast allen professionellen Websites \u00fcblich, verwendet diese Website Cookies.<\/p>\n\n\n\n<h4 class=\"wp-block-heading\"><strong>Was sind Cookies?<\/strong><\/h4>\n\n\n\n<p>Cookies sind Textdateien mit kleinen Informationsmengen, die auf Ihr Ger\u00e4t (Telefon, Laptop oder Tablet) heruntergeladen werden, wenn Sie eine Website besuchen. Die Daten werden dann bei jedem weiteren Besuch an die urspr\u00fcngliche Website oder an eine andere Website, die dieses Cookie erkennt, zur\u00fcckgesendet.<\/p>\n\n\n\n<p>Cookies erf\u00fcllen viele verschiedene Aufgaben, z. B. erm\u00f6glichen sie Ihnen ein effizientes Navigieren zwischen den Seiten, speichern Ihre Pr\u00e4ferenzen und verbessern allgemein die Benutzerfreundlichkeit. Sie k\u00f6nnen auch dazu beitragen, dass die Werbung, die Sie online sehen, f\u00fcr Sie und Ihre Interessen relevanter ist, und sie k\u00f6nnen messen, wie viele Menschen die Website wann und wie besuchen. Sie k\u00f6nnen Sie nicht pers\u00f6nlich identifizieren.<\/p>\n\n\n\n<p>F\u00fcr weitere allgemeine Informationen \u00fcber Cookies lesen Sie dies <a href=\"https:\/\/en.wikipedia.org\/wiki\/HTTP_cookie\" target=\"_blank\" rel=\"noreferrer noopener\">Wikipedia-Artikel\"<\/a><\/p>\n\n\n\n<h4 class=\"wp-block-heading\"><strong>Wie wir Cookies verwenden und was sie bewirken<\/strong><\/h4>\n\n\n\n<p>Sie k\u00f6nnen sich \u00fcber diese Website f\u00fcr unseren E-Mail-Newsletter anmelden, und Cookies k\u00f6nnen verwendet werden, um sich daran zu erinnern, ob Sie bereits angemeldet sind und ob bestimmte Benachrichtigungen angezeigt werden sollen, die m\u00f6glicherweise nur f\u00fcr angemeldete\/abgemeldete Benutzer gelten.<\/p>\n\n\n\n<p>Wenn Sie Daten \u00fcber ein Formular \u00fcbermitteln, z. B. auf Kontaktseiten oder in Kommentarformularen, k\u00f6nnen Cookies gesetzt werden, um Ihre Benutzerdaten f\u00fcr zuk\u00fcnftige Korrespondenz zu speichern.<\/p>\n\n\n\n<p>Wir verwenden eine Reihe von Cookies, die von Google Analytics bereitgestellt werden. Wir verwenden Google Analytics, um zu verstehen, wie Sie die Website nutzen und wie wir Ihre Erfahrung verbessern k\u00f6nnen. Diese Cookies k\u00f6nnen Dinge wie die Verweildauer auf der Website und die von Ihnen besuchten Seiten nachverfolgen, damit wir weiterhin ansprechende Inhalte erstellen k\u00f6nnen. Erfahren Sie mehr \u00fcber <a href=\"https:\/\/developers.google.com\/analytics\/devguides\/collection\/analyticsjs\/cookie-usage\" target=\"_blank\" rel=\"noreferrer noopener\">Google Analytics-Cookies\"<\/a><\/p>\n\n\n\n<h4 class=\"wp-block-heading\"><strong>Deaktivieren von Cookies<\/strong><\/h4>\n\n\n\n<p>Sie k\u00f6nnen das Setzen von Cookies verhindern, indem Sie die Einstellungen Ihres Browsers anpassen (siehe dazu die Hilfe Ihres Browsers). Beachten Sie, dass die Deaktivierung von Cookies die Funktionalit\u00e4t dieser und vieler anderer Websites, die Sie besuchen, beeintr\u00e4chtigen wird. Die Deaktivierung von Cookies f\u00fchrt in der Regel auch zur Deaktivierung bestimmter Funktionen und Merkmale der Website. Es wird daher empfohlen, Cookies nicht zu deaktivieren.<\/p>\n\n\n\n<h4 class=\"wp-block-heading\"><strong>Weitere Informationen<\/strong><\/h4>\n\n\n\n<p>Ich hoffe, das hat die Dinge f\u00fcr Sie gekl\u00e4rt. Wenn Sie sich nicht sicher sind, ob Sie etwas brauchen oder nicht, ist es in der Regel sicherer, die Cookies aktiviert zu lassen, f\u00fcr den Fall, dass sie mit einer der Funktionen interagieren, die Sie auf unserer Website nutzen.<\/p>\n\n\n\n<p>Wenn Sie weitere Informationen w\u00fcnschen, k\u00f6nnen Sie sich mit uns in Verbindung setzen:<\/p>\n\n\n\n<p>E-Mail: <a>info@vivasalt.eu<\/a><\/p>\n\n\n\n<p>Telefon: +386 69 606 707<\/p>","protected":false},"excerpt":{"rendered":"<p>Cookie policy As is common practice with almost all professional websites this site uses cookies. What are cookies Cookies are text files containing small amounts of information which are downloaded to your device (phone, laptop or tablet) when you visit a website. Data is then sent back to the originating website on each subsequent visit, [&hellip;]<\/p>\n","protected":false},"author":1,"featured_media":0,"parent":0,"menu_order":0,"comment_status":"closed","ping_status":"open","template":"","meta":{"_seopress_robots_primary_cat":"","_seopress_titles_title":"Privacy Policy - VivaSalt","_seopress_titles_desc":"Privacy Policy - VivaSalt Halogenerator","_seopress_robots_index":"","footnotes":""},"class_list":["post-3","page","type-page","status-publish","hentry"],"_links":{"self":[{"href":"https:\/\/vivasalt-halogenerator.eu\/de\/wp-json\/wp\/v2\/pages\/3","targetHints":{"allow":["GET"]}}],"collection":[{"href":"https:\/\/vivasalt-halogenerator.eu\/de\/wp-json\/wp\/v2\/pages"}],"about":[{"href":"https:\/\/vivasalt-halogenerator.eu\/de\/wp-json\/wp\/v2\/types\/page"}],"author":[{"embeddable":true,"href":"https:\/\/vivasalt-halogenerator.eu\/de\/wp-json\/wp\/v2\/users\/1"}],"replies":[{"embeddable":true,"href":"https:\/\/vivasalt-halogenerator.eu\/de\/wp-json\/wp\/v2\/comments?post=3"}],"version-history":[{"count":1,"href":"https:\/\/vivasalt-halogenerator.eu\/de\/wp-json\/wp\/v2\/pages\/3\/revisions"}],"predecessor-version":[{"id":535,"href":"https:\/\/vivasalt-halogenerator.eu\/de\/wp-json\/wp\/v2\/pages\/3\/revisions\/535"}],"wp:attachment":[{"href":"https:\/\/vivasalt-halogenerator.eu\/de\/wp-json\/wp\/v2\/media?parent=3"}],"curies":[{"name":"wp","href":"https:\/\/api.w.org\/{rel}","templated":true}]}}