{"id":3,"date":"2021-02-08T12:45:41","date_gmt":"2021-02-08T12:45:41","guid":{"rendered":"https:\/\/themes.muffingroup.com\/be\/dietitian3\/?page_id=3"},"modified":"2025-01-12T13:32:15","modified_gmt":"2025-01-12T13:32:15","slug":"privacy-policy","status":"publish","type":"page","link":"https:\/\/vivasalt-halogenerator.eu\/da\/privacy-policy\/","title":{"rendered":"Politik om beskyttelse af personlige oplysninger"},"content":{"rendered":"<h2 class=\"wp-block-heading\">Cookie-politik<\/h2>\n\n\n\n<p>Som det er almindelig praksis p\u00e5 n\u00e6sten alle professionelle websteder, bruger dette websted cookies.<\/p>\n\n\n\n<h4 class=\"wp-block-heading\"><strong>Hvad er cookies<\/strong><\/h4>\n\n\n\n<p>Cookies er tekstfiler, der indeholder sm\u00e5 m\u00e6ngder oplysninger, som downloades til din enhed (telefon, b\u00e6rbar computer eller tablet), n\u00e5r du bes\u00f8ger et websted. Dataene sendes derefter tilbage til det oprindelige websted ved hvert efterf\u00f8lgende bes\u00f8g eller til et andet websted, der genkender denne cookie.<\/p>\n\n\n\n<p>Cookies udf\u00f8rer mange forskellige opgaver, f.eks. g\u00f8r de det muligt for dig at navigere effektivt mellem siderne, husker dine pr\u00e6ferencer og forbedrer generelt brugeroplevelsen. De kan ogs\u00e5 v\u00e6re med til at sikre, at de reklamer, du ser online, er mere relevante for dig og dine interesser, og de kan m\u00e5le, hvor mange mennesker der bes\u00f8ger webstedet, hvorn\u00e5r og hvordan. De kan ikke identificere dig personligt.<\/p>\n\n\n\n<p>Du kan finde mere generelle oplysninger om cookies her <a href=\"https:\/\/en.wikipedia.org\/wiki\/HTTP_cookie\" target=\"_blank\" rel=\"noreferrer noopener\">Wikipedia-artikel\"<\/a><\/p>\n\n\n\n<h4 class=\"wp-block-heading\"><strong>Hvordan vi bruger cookies, og hvad de g\u00f8r<\/strong><\/h4>\n\n\n\n<p>Du kan tilmelde dig vores e-mail-nyhedsbrev via dette websted, og cookies kan bruges til at huske, om du allerede er tilmeldt, og om vi skal vise visse meddelelser, som m\u00e5ske kun g\u00e6lder for tilmeldte\/afmeldte brugere.<\/p>\n\n\n\n<p>N\u00e5r du indsender data via en formular, f.eks. p\u00e5 kontaktsider eller kommentarformularer, kan cookies blive indstillet til at huske dine brugeroplysninger med henblik p\u00e5 fremtidig korrespondance.<\/p>\n\n\n\n<p>Vi bruger en r\u00e6kke cookies, der leveres af Google Analytics. Vi bruger Google Analytics til at hj\u00e6lpe os med at forst\u00e5, hvordan du bruger webstedet, og hvordan vi kan forbedre din oplevelse. Disse cookies kan spore ting som f.eks. hvor lang tid du bruger p\u00e5 webstedet og de sider, du bes\u00f8ger, s\u00e5 vi kan forts\u00e6tte med at producere engagerende indhold. F\u00e5 mere at vide om <a href=\"https:\/\/developers.google.com\/analytics\/devguides\/collection\/analyticsjs\/cookie-usage\" target=\"_blank\" rel=\"noreferrer noopener\">Google Analytics-cookies\"<\/a><\/p>\n\n\n\n<h4 class=\"wp-block-heading\"><strong>Deaktivering af cookies<\/strong><\/h4>\n\n\n\n<p>Du kan forhindre, at der s\u00e6ttes cookies ved at justere indstillingerne i din browser (se din browsers hj\u00e6lp for at f\u00e5 oplysninger om, hvordan du g\u00f8r dette). V\u00e6r opm\u00e6rksom p\u00e5, at deaktivering af cookies vil p\u00e5virke funktionaliteten af dette og mange andre websteder, som du bes\u00f8ger. Hvis du deaktiverer cookies, vil det normalt ogs\u00e5 medf\u00f8re, at du deaktiverer visse funktioner og egenskaber p\u00e5 webstedet. Det anbefales derfor, at du ikke deaktiverer cookies.<\/p>\n\n\n\n<h4 class=\"wp-block-heading\"><strong>Flere oplysninger<\/strong><\/h4>\n\n\n\n<p>Forh\u00e5bentlig har det afklaret tingene for dig. Hvis der er noget, som du ikke er sikker p\u00e5, om du har brug for eller ej, er det normalt sikrere at lade cookies v\u00e6re aktiveret, hvis det interagerer med en af de funktioner, du bruger p\u00e5 vores websted.<\/p>\n\n\n\n<p>Hvis du vil have flere oplysninger, kan du kontakte os via:<\/p>\n\n\n\n<p>E-mail: <a>info@vivasalt.eu<\/a><\/p>\n\n\n\n<p>Telefon: +386 69 606 707<\/p>","protected":false},"excerpt":{"rendered":"<p>Cookie policy As is common practice with almost all professional websites this site uses cookies. What are cookies Cookies are text files containing small amounts of information which are downloaded to your device (phone, laptop or tablet) when you visit a website. Data is then sent back to the originating website on each subsequent visit, [&hellip;]<\/p>\n","protected":false},"author":1,"featured_media":0,"parent":0,"menu_order":0,"comment_status":"closed","ping_status":"open","template":"","meta":{"_seopress_robots_primary_cat":"","_seopress_titles_title":"Privacy Policy - VivaSalt","_seopress_titles_desc":"Privacy Policy - VivaSalt Halogenerator","_seopress_robots_index":"","footnotes":""},"class_list":["post-3","page","type-page","status-publish","hentry"],"_links":{"self":[{"href":"https:\/\/vivasalt-halogenerator.eu\/da\/wp-json\/wp\/v2\/pages\/3","targetHints":{"allow":["GET"]}}],"collection":[{"href":"https:\/\/vivasalt-halogenerator.eu\/da\/wp-json\/wp\/v2\/pages"}],"about":[{"href":"https:\/\/vivasalt-halogenerator.eu\/da\/wp-json\/wp\/v2\/types\/page"}],"author":[{"embeddable":true,"href":"https:\/\/vivasalt-halogenerator.eu\/da\/wp-json\/wp\/v2\/users\/1"}],"replies":[{"embeddable":true,"href":"https:\/\/vivasalt-halogenerator.eu\/da\/wp-json\/wp\/v2\/comments?post=3"}],"version-history":[{"count":1,"href":"https:\/\/vivasalt-halogenerator.eu\/da\/wp-json\/wp\/v2\/pages\/3\/revisions"}],"predecessor-version":[{"id":535,"href":"https:\/\/vivasalt-halogenerator.eu\/da\/wp-json\/wp\/v2\/pages\/3\/revisions\/535"}],"wp:attachment":[{"href":"https:\/\/vivasalt-halogenerator.eu\/da\/wp-json\/wp\/v2\/media?parent=3"}],"curies":[{"name":"wp","href":"https:\/\/api.w.org\/{rel}","templated":true}]}}