{"id":3,"date":"2021-02-08T12:45:41","date_gmt":"2021-02-08T12:45:41","guid":{"rendered":"https:\/\/themes.muffingroup.com\/be\/dietitian3\/?page_id=3"},"modified":"2025-01-12T13:32:15","modified_gmt":"2025-01-12T13:32:15","slug":"privacy-policy","status":"publish","type":"page","link":"https:\/\/vivasalt-halogenerator.eu\/cs\/privacy-policy\/","title":{"rendered":"Z\u00e1sady ochrany osobn\u00edch \u00fadaj\u016f"},"content":{"rendered":"<h2 class=\"wp-block-heading\">Z\u00e1sady pou\u017e\u00edv\u00e1n\u00ed soubor\u016f cookie<\/h2>\n\n\n\n<p>Stejn\u011b jako t\u00e9m\u011b\u0159 v\u0161echny profesion\u00e1ln\u00ed webov\u00e9 str\u00e1nky i tato str\u00e1nka pou\u017e\u00edv\u00e1 soubory cookie.<\/p>\n\n\n\n<h4 class=\"wp-block-heading\"><strong>Co jsou to soubory cookie<\/strong><\/h4>\n\n\n\n<p>Soubory cookie jsou textov\u00e9 soubory obsahuj\u00edc\u00ed mal\u00e9 mno\u017estv\u00ed informac\u00ed, kter\u00e9 se p\u0159i n\u00e1v\u0161t\u011bv\u011b webov\u00e9 str\u00e1nky st\u00e1hnou do va\u0161eho za\u0159\u00edzen\u00ed (telefonu, notebooku nebo tabletu). \u00dadaje jsou pak p\u0159i ka\u017ed\u00e9 dal\u0161\u00ed n\u00e1v\u0161t\u011bv\u011b odesl\u00e1ny zp\u011bt na p\u016fvodn\u00ed webovou str\u00e1nku nebo na jinou webovou str\u00e1nku, kter\u00e1 tento soubor cookie rozpozn\u00e1.<\/p>\n\n\n\n<p>Soubory cookie pln\u00ed mnoho r\u016fzn\u00fdch \u00fakol\u016f, nap\u0159\u00edklad umo\u017e\u0148uj\u00ed efektivn\u00ed navigaci mezi str\u00e1nkami, pamatuj\u00ed si va\u0161e preference a obecn\u011b zlep\u0161uj\u00ed u\u017eivatelsk\u00fd komfort. Mohou tak\u00e9 pomoci zajistit, aby reklamy, kter\u00e9 vid\u00edte online, byly relevantn\u011bj\u0161\u00ed pro v\u00e1s a va\u0161e z\u00e1jmy, a mohou m\u011b\u0159it, kolik lid\u00ed, kdy a jak nav\u0161t\u011bvuje webov\u00e9 str\u00e1nky. Nemohou v\u00e1s osobn\u011b identifikovat.<\/p>\n\n\n\n<p>Dal\u0161\u00ed obecn\u00e9 informace o souborech cookie naleznete zde. <a href=\"https:\/\/en.wikipedia.org\/wiki\/HTTP_cookie\" target=\"_blank\" rel=\"noreferrer noopener\">\u010cl\u00e1nek na Wikipedii\"<\/a><\/p>\n\n\n\n<h4 class=\"wp-block-heading\"><strong>Jak pou\u017e\u00edv\u00e1me soubory cookie a k \u010demu slou\u017e\u00ed<\/strong><\/h4>\n\n\n\n<p>Prost\u0159ednictv\u00edm t\u011bchto str\u00e1nek se m\u016f\u017eete p\u0159ihl\u00e1sit k odb\u011bru na\u0161eho e-mailov\u00e9ho zpravodaje a soubory cookie mohou b\u00fdt pou\u017eity k zapamatov\u00e1n\u00ed, zda jste ji\u017e zaregistrov\u00e1ni, a k zobrazen\u00ed ur\u010dit\u00fdch ozn\u00e1men\u00ed, kter\u00e1 mohou b\u00fdt platn\u00e1 pouze pro p\u0159ihl\u00e1\u0161en\u00e9\/nep\u0159ihl\u00e1\u0161en\u00e9 u\u017eivatele.<\/p>\n\n\n\n<p>P\u0159i odes\u00edl\u00e1n\u00ed \u00fadaj\u016f prost\u0159ednictv\u00edm formul\u00e1\u0159e, nap\u0159\u00edklad na kontaktn\u00edch str\u00e1nk\u00e1ch nebo ve formul\u00e1\u0159\u00edch pro koment\u00e1\u0159e, mohou b\u00fdt nastaveny soubory cookie, kter\u00e9 si zapamatuj\u00ed va\u0161e u\u017eivatelsk\u00e9 \u00fadaje pro budouc\u00ed korespondenci.<\/p>\n\n\n\n<p>Pou\u017e\u00edv\u00e1me \u0159adu soubor\u016f cookie poskytovan\u00fdch slu\u017ebou Google Analytics. Slu\u017eba Google Analytics n\u00e1m pom\u00e1h\u00e1 porozum\u011bt tomu, jak str\u00e1nky pou\u017e\u00edv\u00e1te, a zp\u016fsob\u016fm, jak\u00fdmi m\u016f\u017eeme zlep\u0161it va\u0161e zku\u0161enosti. Tyto soubory cookie mohou sledovat nap\u0159\u00edklad dobu, kterou na webu str\u00e1v\u00edte, a nav\u0161t\u00edven\u00e9 str\u00e1nky, abychom mohli pokra\u010dovat ve vytv\u00e1\u0159en\u00ed zaj\u00edmav\u00e9ho obsahu. Zjist\u011bte v\u00edce informac\u00ed o <a href=\"https:\/\/developers.google.com\/analytics\/devguides\/collection\/analyticsjs\/cookie-usage\" target=\"_blank\" rel=\"noreferrer noopener\">Soubory cookie slu\u017eby Google Analytics\"<\/a><\/p>\n\n\n\n<h4 class=\"wp-block-heading\"><strong>Zak\u00e1z\u00e1n\u00ed soubor\u016f cookie<\/strong><\/h4>\n\n\n\n<p>Nastaven\u00ed soubor\u016f cookie m\u016f\u017eete zabr\u00e1nit \u00fapravou nastaven\u00ed prohl\u00ed\u017ee\u010de (postup naleznete v n\u00e1pov\u011bd\u011b k prohl\u00ed\u017ee\u010di). Uv\u011bdomte si, \u017ee zak\u00e1z\u00e1n\u00ed soubor\u016f cookie ovlivn\u00ed funk\u010dnost t\u00e9to a mnoha dal\u0161\u00edch webov\u00fdch str\u00e1nek, kter\u00e9 nav\u0161t\u011bvujete. Zak\u00e1z\u00e1n\u00ed soubor\u016f cookie bude m\u00edt obvykle za n\u00e1sledek tak\u00e9 zak\u00e1z\u00e1n\u00ed n\u011bkter\u00fdch funkc\u00ed a vlastnost\u00ed webu. Proto doporu\u010dujeme soubory cookie nezakazovat.<\/p>\n\n\n\n<h4 class=\"wp-block-heading\"><strong>V\u00edce informac\u00ed<\/strong><\/h4>\n\n\n\n<p>Doufejme, \u017ee se v\u00e1m to objasnilo. Pokud si nejste jisti, zda n\u011bco pot\u0159ebujete, nebo ne, je obvykle bezpe\u010dn\u011bj\u0161\u00ed nechat soubory cookie povolen\u00e9 pro p\u0159\u00edpad, \u017ee by to m\u011blo vliv na n\u011bkterou z funkc\u00ed, kter\u00e9 na na\u0161ich str\u00e1nk\u00e1ch pou\u017e\u00edv\u00e1te.<\/p>\n\n\n\n<p>Pokud m\u00e1te z\u00e1jem o dal\u0161\u00ed informace, m\u016f\u017eete n\u00e1s kontaktovat prost\u0159ednictv\u00edm:<\/p>\n\n\n\n<p>E-mail: <a>info@vivasalt.eu<\/a><\/p>\n\n\n\n<p>Telefon: +386 69 606 707<\/p>","protected":false},"excerpt":{"rendered":"<p>Cookie policy As is common practice with almost all professional websites this site uses cookies. What are cookies Cookies are text files containing small amounts of information which are downloaded to your device (phone, laptop or tablet) when you visit a website. Data is then sent back to the originating website on each subsequent visit, [&hellip;]<\/p>\n","protected":false},"author":1,"featured_media":0,"parent":0,"menu_order":0,"comment_status":"closed","ping_status":"open","template":"","meta":{"_seopress_robots_primary_cat":"","_seopress_titles_title":"Privacy Policy - VivaSalt","_seopress_titles_desc":"Privacy Policy - VivaSalt Halogenerator","_seopress_robots_index":"","footnotes":""},"class_list":["post-3","page","type-page","status-publish","hentry"],"_links":{"self":[{"href":"https:\/\/vivasalt-halogenerator.eu\/cs\/wp-json\/wp\/v2\/pages\/3","targetHints":{"allow":["GET"]}}],"collection":[{"href":"https:\/\/vivasalt-halogenerator.eu\/cs\/wp-json\/wp\/v2\/pages"}],"about":[{"href":"https:\/\/vivasalt-halogenerator.eu\/cs\/wp-json\/wp\/v2\/types\/page"}],"author":[{"embeddable":true,"href":"https:\/\/vivasalt-halogenerator.eu\/cs\/wp-json\/wp\/v2\/users\/1"}],"replies":[{"embeddable":true,"href":"https:\/\/vivasalt-halogenerator.eu\/cs\/wp-json\/wp\/v2\/comments?post=3"}],"version-history":[{"count":1,"href":"https:\/\/vivasalt-halogenerator.eu\/cs\/wp-json\/wp\/v2\/pages\/3\/revisions"}],"predecessor-version":[{"id":535,"href":"https:\/\/vivasalt-halogenerator.eu\/cs\/wp-json\/wp\/v2\/pages\/3\/revisions\/535"}],"wp:attachment":[{"href":"https:\/\/vivasalt-halogenerator.eu\/cs\/wp-json\/wp\/v2\/media?parent=3"}],"curies":[{"name":"wp","href":"https:\/\/api.w.org\/{rel}","templated":true}]}}